{"id":1828,"date":"2025-07-29T13:46:55","date_gmt":"2025-07-29T11:46:55","guid":{"rendered":"https:\/\/relaunch.planet-energie.de\/?page_id=1828"},"modified":"2026-03-17T11:21:42","modified_gmt":"2026-03-17T09:21:42","slug":"ausgewaehlte-projekte","status":"publish","type":"page","link":"https:\/\/relaunch.planet-energie.de\/en\/energy\/ausgewaehlte-projekte\/","title":{"rendered":"Ausgew\u00e4hlte Projekte Energietechnik"},"content":{"rendered":"<div class=\"wpb-content-wrapper\"><div class=\"vc_row wpb_row vc_row-fluid\"><div class=\"wpb_column vc_column_container vc_col-sm-12\"><div class=\"vc_column-inner\"><div class=\"wpb_wrapper\"><div class=\"vc_empty_space\"   style=\"height: 16px\"><span class=\"vc_empty_space_inner\"><\/span><\/div><div class=\"vc_row wpb_row vc_inner vc_row-fluid\"><div class=\"wpb_column vc_column_container vc_col-sm-12\"><div class=\"vc_column-inner\"><div class=\"wpb_wrapper\"><style type=\"text\/css\" data-type=\"the7_shortcodes-inline-css\">#default-btn-dd8e764b0eddcdc62fb40782452f5fe2.ico-right-side > i {\n  margin-right: 0px;\n  margin-left: 8px;\n}\n#default-btn-dd8e764b0eddcdc62fb40782452f5fe2 > i {\n  margin-right: 8px;\n}\n<\/style><a href=\"#\" class=\"default-btn-shortcode dt-btn dt-btn-s link-hover-off expandAll btn-inline-right\" id=\"default-btn-dd8e764b0eddcdc62fb40782452f5fe2\"><span>Alle ausklappen<\/span><\/a><\/div><\/div><\/div><\/div><div class=\"vc_tta-container\" data-vc-action=\"collapseAll\"><div class=\"vc_general vc_tta vc_tta-accordion vc_tta-color-grey vc_tta-style-classic vc_tta-shape-square vc_tta-spacing-10 vc_tta-gap-5 vc_tta-controls-align-default vc_tta-o-no-fill vc_tta-o-all-clickable\"><div class=\"vc_tta-panels-container\"><div class=\"vc_tta-panels\"><div class=\"vc_tta-panel vc_active\" id=\"1753782448155-e17a2ebb-7b65\" data-vc-content=\".vc_tta-panel-body\"><div class=\"vc_tta-panel-heading\"><p class=\"vc_tta-panel-title vc_tta-controls-icon-position-left\"><a href=\"#1753782448155-e17a2ebb-7b65\" data-vc-accordion data-vc-container=\".vc_tta-container\"><span class=\"vc_tta-title-text\">Energieberatung<\/span><i class=\"vc_tta-controls-icon vc_tta-controls-icon-plus\"><\/i><\/a><\/p><\/div><div class=\"vc_tta-panel-body\"><div class=\"vc_row wpb_row vc_inner vc_row-fluid\"><div class=\"wpb_column vc_column_container vc_col-sm-6\"><div class=\"vc_column-inner\"><div class=\"wpb_wrapper\">\n\t<div class=\"wpb_text_column wpb_content_element\" >\n\t\t<div class=\"wpb_wrapper\">\n\t\t\t<p>Wir sind vielseitig aufgestellt:<\/p>\n<p><strong>Leistungen die PLANET erbringt umfassen u.a.:<\/strong><\/p>\n\n\t\t<\/div>\n\t<\/div>\n<div class=\"vc_empty_space\"   style=\"height: 8px\"><span class=\"vc_empty_space_inner\"><\/span><\/div><div class=\"standard-arrow bullet-top\"><ul>\n<li><strong>Energieeinsparberatung<br \/>\n<\/strong>Erstellung von Energie- und F\u00f6rderkonzepten und Baubegleitung f\u00fcr<br \/>\nbesonders sparsame Wohngeb\u00e4ude (z.B. zum Effizienzhausniveau in der<br \/>\nBundesf\u00f6rderung effiziente Geb\u00e4ude (BEG)<\/li>\n<li><strong>Beratung zu Sanierungen<\/strong><\/li>\n<li><strong>F\u00f6rdermittelberatung<\/strong><\/li>\n<li><strong>Erstellung von Energieausweisen<\/strong> f\u00fcr Wohngeb\u00e4ude gem\u00e4\u00df Geb\u00e4udeenergiegesetz<\/li>\n<\/ul>\n<\/div>\n\t<div class=\"wpb_text_column wpb_content_element  vc_custom_1758873815218\" >\n\t\t<div class=\"wpb_wrapper\">\n\t\t\t<p>Unsere Auftraggeber sind Privatpersonen, Kommunen, Unternehmen und Verbraucherzentralen.<\/p>\n<p>Ansprechpartner: <a href=\"mailto:k.nottebaum@planet-energie.de\">Klaus Nottebaum<\/a><\/p>\n\n\t\t<\/div>\n\t<\/div>\n<\/div><\/div><\/div><div class=\"wpb_column vc_column_container vc_col-sm-6\"><div class=\"vc_column-inner\"><div class=\"wpb_wrapper\">\n\t<div class=\"wpb_text_column wpb_content_element\" >\n\t\t<div class=\"wpb_wrapper\">\n\t\t\t<p>W\u00e4rmepumpe bei einem Reihenhaus &#8211; geht nicht gibt&#8217;s nicht!<\/p>\n<p><img loading=\"lazy\" decoding=\"async\" class=\"alignnone wp-image-2313 size-large\" src=\"https:\/\/relaunch.planet-energie.de\/wp-content\/uploads\/2025\/09\/WP_hier-1024x768.jpg\" alt=\"\" width=\"1024\" height=\"768\" srcset=\"https:\/\/relaunch.planet-energie.de\/wp-content\/uploads\/2025\/09\/WP_hier-1024x768.jpg 1024w, https:\/\/relaunch.planet-energie.de\/wp-content\/uploads\/2025\/09\/WP_hier-300x225.jpg 300w, https:\/\/relaunch.planet-energie.de\/wp-content\/uploads\/2025\/09\/WP_hier-768x576.jpg 768w, https:\/\/relaunch.planet-energie.de\/wp-content\/uploads\/2025\/09\/WP_hier-1536x1152.jpg 1536w, https:\/\/relaunch.planet-energie.de\/wp-content\/uploads\/2025\/09\/WP_hier-2048x1536.jpg 2048w, https:\/\/relaunch.planet-energie.de\/wp-content\/uploads\/2025\/09\/WP_hier-16x12.jpg 16w\" sizes=\"auto, (max-width: 1024px) 100vw, 1024px\" \/><\/p>\n\n\t\t<\/div>\n\t<\/div>\n<\/div><\/div><\/div><\/div><\/div><\/div><div class=\"vc_tta-panel\" id=\"1753782448121-449f378d-6a46\" data-vc-content=\".vc_tta-panel-body\"><div class=\"vc_tta-panel-heading\"><p class=\"vc_tta-panel-title vc_tta-controls-icon-position-left\"><a href=\"#1753782448121-449f378d-6a46\" data-vc-accordion data-vc-container=\".vc_tta-container\"><span class=\"vc_tta-title-text\">Energieversorgung Erlenh\u00f6fe, Jena<\/span><i class=\"vc_tta-controls-icon vc_tta-controls-icon-plus\"><\/i><\/a><\/p><\/div><div class=\"vc_tta-panel-body\"><div class=\"vc_row wpb_row vc_inner vc_row-fluid\"><div class=\"wpb_column vc_column_container vc_col-sm-6\"><div class=\"vc_column-inner\"><div class=\"wpb_wrapper\">\n\t<div class=\"wpb_text_column wpb_content_element\" >\n\t\t<div class=\"wpb_wrapper\">\n\t\t\t<div class=\"wpb_text_column wpb_content_element\">\n<div class=\"wpb_wrapper\">\n<p>Konzept und Wirtschaftlichkeitsberechnung f\u00fcr eine Neubausiedlung mit Nahw\u00e4rmenetz:<\/p>\n<p>PV-gest\u00fctztes Biomasse-Nahw\u00e4rmenetz. Nutzung von Wasserstoff als saisonalem Energiespeicher.<\/p>\n<p><strong>Leistungen PLANET u.a.:<\/strong><\/p>\n<\/div>\n<\/div>\n\n\t\t<\/div>\n\t<\/div>\n<div class=\"vc_empty_space\"   style=\"height: 8px\"><span class=\"vc_empty_space_inner\"><\/span><\/div><div class=\"standard-arrow bullet-top\"><div class=\"standard-arrow bullet-top\">\n<ul>\n<li><strong>Auslegung Photovoltaik<\/strong><\/li>\n<li><strong>Kostensch\u00e4tzung<\/strong><\/li>\n<li><strong>Auslegung des Nahw\u00e4rmenetzes<\/strong><\/li>\n<li><strong>Wirtschaftlichkeitsbetrachtung<\/strong><\/li>\n<li><strong>Mieterstrom-Konzept \/ Betreibermodell<\/strong><\/li>\n<\/ul>\n<\/div>\n<\/div>\n\t<div class=\"wpb_text_column wpb_content_element  vc_custom_1756749924523\" >\n\t\t<div class=\"wpb_wrapper\">\n\t\t\t<p>Auftraggeber: Wohnungsgenossenschat \u201eCarl Zeiss \u201c eG<\/p>\n<p>Bearbeitet: in 2020, Ansprechpartner: <a href=\"mailto:r.steinberger@planet-energie.de\">Robert Steinberger-Wilckens<\/a><\/p>\n\n\t\t<\/div>\n\t<\/div>\n<\/div><\/div><\/div><div class=\"wpb_column vc_column_container vc_col-sm-6\"><div class=\"vc_column-inner\"><div class=\"wpb_wrapper\">\n\t<div class=\"wpb_text_column wpb_content_element\" >\n\t\t<div class=\"wpb_wrapper\">\n\t\t\t<p><img loading=\"lazy\" decoding=\"async\" class=\"alignnone wp-image-2022 size-full\" src=\"https:\/\/relaunch.planet-energie.de\/wp-content\/uploads\/2025\/09\/200821_A-OW0006_Erlenhoefe-Jena_Energiekonzept.jpg\" alt=\"\" width=\"680\" height=\"471\" srcset=\"https:\/\/relaunch.planet-energie.de\/wp-content\/uploads\/2025\/09\/200821_A-OW0006_Erlenhoefe-Jena_Energiekonzept.jpg 680w, https:\/\/relaunch.planet-energie.de\/wp-content\/uploads\/2025\/09\/200821_A-OW0006_Erlenhoefe-Jena_Energiekonzept-300x208.jpg 300w, https:\/\/relaunch.planet-energie.de\/wp-content\/uploads\/2025\/09\/200821_A-OW0006_Erlenhoefe-Jena_Energiekonzept-18x12.jpg 18w\" sizes=\"auto, (max-width: 680px) 100vw, 680px\" \/><\/p>\n<p>\u00dcbersichtsplan der Nahw\u00e4rmeverbindungen in der Siedlung.<\/p>\n\n\t\t<\/div>\n\t<\/div>\n<\/div><\/div><\/div><\/div><\/div><\/div><div class=\"vc_tta-panel\" id=\"1760538140157-6c943a44-cfee\" data-vc-content=\".vc_tta-panel-body\"><div class=\"vc_tta-panel-heading\"><p class=\"vc_tta-panel-title vc_tta-controls-icon-position-left\"><a href=\"#1760538140157-6c943a44-cfee\" data-vc-accordion data-vc-container=\".vc_tta-container\"><span class=\"vc_tta-title-text\">Technische Planung<\/span><i class=\"vc_tta-controls-icon vc_tta-controls-icon-plus\"><\/i><\/a><\/p><\/div><div class=\"vc_tta-panel-body\"><div class=\"vc_row wpb_row vc_inner vc_row-fluid\"><div class=\"wpb_column vc_column_container vc_col-sm-6\"><div class=\"vc_column-inner\"><div class=\"wpb_wrapper\">\n\t<div class=\"wpb_text_column wpb_content_element\" >\n\t\t<div class=\"wpb_wrapper\">\n\t\t\t<div class=\"wpb_text_column wpb_content_element\">\n<div class=\"wpb_wrapper\">\n<p>Vom Konzept bis hin zur Ausf\u00fchrungsplanung &#8211; bei der Geb\u00e4udeenergieversorgung, energetischer Sanierung, Wasser-Ver- und Entsorgung etc. &#8211; PLANET unterst\u00fctzt insbesondere bei Vorhaben mit Innovationscharakter und hoher Komplexit\u00e4t.<\/p>\n<p><strong>Leistungen PLANET u.a.:<\/strong><\/p>\n<\/div>\n<\/div>\n<p>&nbsp;<\/p>\n\n\t\t<\/div>\n\t<\/div>\n<div class=\"vc_empty_space\"   style=\"height: 8px\"><span class=\"vc_empty_space_inner\"><\/span><\/div><div class=\"standard-arrow bullet-top\"><div class=\"standard-arrow bullet-top\">\n<ul>\n<li><strong>W\u00e4rmeversorgung<\/strong><\/li>\n<li><strong>L\u00fcftung<\/strong><\/li>\n<li><strong>Gasversorgung (Erdgas, Biogas, Wasserstoff etc.)<\/strong><\/li>\n<li><strong>Wasserversorgung, Abwasser<\/strong><\/li>\n<li><strong>Wirtschaftlichkeitsbetrachtungen, Umweltbilanzen<\/strong><\/li>\n<\/ul>\n<\/div>\n<\/div>\n\t<div class=\"wpb_text_column wpb_content_element  vc_custom_1760538494506\" >\n\t\t<div class=\"wpb_wrapper\">\n\t\t\t<p>Private und gewerbliche Auftraggeber.<\/p>\n<p>Ansprechpartner: <a href=\"mailto:r.steinberger@planet-energie.de\">Robert Steinberger-Wilckens<\/a><\/p>\n\n\t\t<\/div>\n\t<\/div>\n<\/div><\/div><\/div><div class=\"wpb_column vc_column_container vc_col-sm-6\"><div class=\"vc_column-inner\"><div class=\"wpb_wrapper\">\n\t<div class=\"wpb_text_column wpb_content_element\" >\n\t\t<div class=\"wpb_wrapper\">\n\t\t\t<p>Bild folgt noch<\/p>\n<p>&nbsp;<\/p>\n<p>&nbsp;<\/p>\n<p>Bildunterschrift<\/p>\n\n\t\t<\/div>\n\t<\/div>\n<\/div><\/div><\/div><\/div><\/div><\/div><div class=\"vc_tta-panel\" id=\"1760538518964-5b6e137c-60f3\" data-vc-content=\".vc_tta-panel-body\"><div class=\"vc_tta-panel-heading\"><p class=\"vc_tta-panel-title vc_tta-controls-icon-position-left\"><a href=\"#1760538518964-5b6e137c-60f3\" data-vc-accordion data-vc-container=\".vc_tta-container\"><span class=\"vc_tta-title-text\">Bauschadensgutachten<\/span><i class=\"vc_tta-controls-icon vc_tta-controls-icon-plus\"><\/i><\/a><\/p><\/div><div class=\"vc_tta-panel-body\"><div class=\"vc_row wpb_row vc_inner vc_row-fluid\"><div class=\"wpb_column vc_column_container vc_col-sm-6\"><div class=\"vc_column-inner\"><div class=\"wpb_wrapper\">\n\t<div class=\"wpb_text_column wpb_content_element\" >\n\t\t<div class=\"wpb_wrapper\">\n\t\t\t<div class=\"wpb_text_column wpb_content_element\">\n<div class=\"wpb_wrapper\">\n<p>Bauvorhaben haben manchmal Schwierigkeiten und Schwachstellen mit schwer zu identifizierenden Ursachen.<\/p>\n<p><strong>Leistungen PLANET u.a.:<\/strong><\/p>\n<\/div>\n<\/div>\n<p>&nbsp;<\/p>\n<p>&nbsp;<\/p>\n\n\t\t<\/div>\n\t<\/div>\n<div class=\"vc_empty_space\"   style=\"height: 8px\"><span class=\"vc_empty_space_inner\"><\/span><\/div><div class=\"standard-arrow bullet-top\"><div class=\"standard-arrow bullet-top\">\n<ul>\n<li><strong>W\u00e4rmeversorgung<\/strong><\/li>\n<li><strong>L\u00fcftung<\/strong><\/li>\n<li><strong>Gasversorgung (Erdgas, Biogas, Wasserstoff etc.)<\/strong><\/li>\n<li><strong>Wasserversorgung, Abwasser<\/strong><\/li>\n<li><strong>Wirtschaftlichkeitsbetrachtungen, Umweltbilanzen<\/strong><\/li>\n<\/ul>\n<\/div>\n<\/div>\n\t<div class=\"wpb_text_column wpb_content_element  vc_custom_1760538494506\" >\n\t\t<div class=\"wpb_wrapper\">\n\t\t\t<p>Private und gewerbliche Auftraggeber.<\/p>\n<p>Ansprechpartner: <a href=\"mailto:r.steinberger@planet-energie.de\">Robert Steinberger-Wilckens<\/a><\/p>\n\n\t\t<\/div>\n\t<\/div>\n<\/div><\/div><\/div><div class=\"wpb_column vc_column_container vc_col-sm-6\"><div class=\"vc_column-inner\"><div class=\"wpb_wrapper\">\n\t<div class=\"wpb_text_column wpb_content_element\" >\n\t\t<div class=\"wpb_wrapper\">\n\t\t\t<p>Bild folgt noch<\/p>\n<p>&nbsp;<\/p>\n<p>&nbsp;<\/p>\n<p>Bildunterschrift<\/p>\n\n\t\t<\/div>\n\t<\/div>\n<\/div><\/div><\/div><\/div><\/div><\/div><div class=\"vc_tta-panel\" id=\"1756745040799-79c3fab9-8b63\" data-vc-content=\".vc_tta-panel-body\"><div class=\"vc_tta-panel-heading\"><p class=\"vc_tta-panel-title vc_tta-controls-icon-position-left\"><a href=\"#1756745040799-79c3fab9-8b63\" data-vc-accordion data-vc-container=\".vc_tta-container\"><span class=\"vc_tta-title-text\">Elektromobilit\u00e4tsstation Pferdemarkt, Oldenburg<\/span><i class=\"vc_tta-controls-icon vc_tta-controls-icon-plus\"><\/i><\/a><\/p><\/div><div class=\"vc_tta-panel-body\">\n\t<div class=\"wpb_text_column wpb_content_element\" >\n\t\t<div class=\"wpb_wrapper\">\n\t\t\t<p>Mitarbeit and der Konzeptionierung und ersten Detailplanung f\u00fcr einen Elektromobilit\u00e4ts-Hub am Pferdemarkt, Oldenburg i.Olbg.<\/p>\n\n\t\t<\/div>\n\t<\/div>\n<div class=\"vc_empty_space\"   style=\"height: 8px\"><span class=\"vc_empty_space_inner\"><\/span><\/div><div class=\"standard-arrow bullet-top\"><ul>\n<li>Mitarbeit Konzeptentwicklung<\/li>\n<li>Vorplanung Ladeinfrastruktur<\/li>\n<li>Kostensch\u00e4tzung<\/li>\n<\/ul>\n<\/div>\n\t<div class=\"wpb_text_column wpb_content_element\" >\n\t\t<div class=\"wpb_wrapper\">\n\t\t\t<p>Auftraggeber: Oldenburger Energiecluster<\/p>\n<p>Bearbeitung: 2018\/19<\/p>\n\n\t\t<\/div>\n\t<\/div>\n<\/div><\/div><div class=\"vc_tta-panel\" id=\"1756745094503-13d0c421-4cdb\" data-vc-content=\".vc_tta-panel-body\"><div class=\"vc_tta-panel-heading\"><p class=\"vc_tta-panel-title vc_tta-controls-icon-position-left\"><a href=\"#1756745094503-13d0c421-4cdb\" data-vc-accordion data-vc-container=\".vc_tta-container\"><span class=\"vc_tta-title-text\">Klimaschutzkonzept Jever<\/span><i class=\"vc_tta-controls-icon vc_tta-controls-icon-plus\"><\/i><\/a><\/p><\/div><div class=\"vc_tta-panel-body\">\n\t<div class=\"wpb_text_column wpb_content_element\" >\n\t\t<div class=\"wpb_wrapper\">\n\t\t\t<p>Klimaschutzkonzept und CO2-Rechner.<\/p>\n<p><strong>Leistungen PLANET:<\/strong><\/p>\n\n\t\t<\/div>\n\t<\/div>\n<div class=\"vc_empty_space\"   style=\"height: 8px\"><span class=\"vc_empty_space_inner\"><\/span><\/div><div class=\"standard-arrow bullet-top\"><ul>\n<li><strong>Bewertung st\u00e4dtischer Geb\u00e4ude<\/strong><\/li>\n<li><strong>Aktionsplan<\/strong><\/li>\n<li><strong>CO2 Monitoring<\/strong><\/li>\n<\/ul>\n<\/div>\n\t<div class=\"wpb_text_column wpb_content_element\" >\n\t\t<div class=\"wpb_wrapper\">\n\t\t\t<p>Auftraggeber: Stadt Jever, der Klimaschutzbeauftragte<\/p>\n<p>Bearbeitung: 2014\/15<\/p>\n<p>&nbsp;<\/p>\n\n\t\t<\/div>\n\t<\/div>\n<\/div><\/div><\/div><\/div><\/div><\/div><\/div><\/div><\/div><\/div><div class=\"vc_row wpb_row vc_row-fluid vc_custom_1578767453437\"><div class=\"wpb_column vc_column_container vc_col-sm-8\"><div class=\"vc_column-inner\"><div class=\"wpb_wrapper\"><div id=\"ultimate-heading-268869f06030516b1\" class=\"uvc-heading ult-adjust-bottom-margin ultimate-heading-268869f06030516b1 uvc-5154\" data-hspacer=\"no_spacer\"  data-halign=\"left\" style=\"text-align:left\"><div class=\"uvc-heading-spacer no_spacer\" style=\"top\"><\/div><div class=\"uvc-main-heading ult-responsive\"  data-ultimate-target='.uvc-heading.ultimate-heading-268869f06030516b1 h2'  data-responsive-json-new='{\"font-size\":\"desktop:24px;\",\"line-height\":\"desktop:32px;\"}' ><h2 style=\"font-weight:bold;color:#ffffff;margin-bottom:20px;\">Haben Sie ein Projekt f\u00fcr uns?<\/h2><\/div><div class=\"uvc-sub-heading ult-responsive\"  data-ultimate-target='.uvc-heading.ultimate-heading-268869f06030516b1 .uvc-sub-heading '  data-responsive-json-new='{\"font-size\":\"desktop:16px;\",\"line-height\":\"desktop:28px;\"}'  style=\"font-weight:normal;color:#ffffff;margin-bottom:30px;\">Von der Beratung und Konzeptentwicklung, \u00fcber Machbarkeitsstudien, Wirtschaftlichkeitsanalysen, Projektentwicklung, Akquisition von F\u00f6rdermitteln, Antragstellung, Projektsteuerung, Berichtswesen, Auswertung von Betriebsdaten, Technologievalidierung bis zu Bildung und Qualifizierung.<\/div><\/div><style type=\"text\/css\" data-type=\"the7_shortcodes-inline-css\">#default-btn-18030d0c1d48238270e5ade44e4e2c96.ico-right-side > i {\n  margin-right: 0px;\n  margin-left: 8px;\n}\n#default-btn-18030d0c1d48238270e5ade44e4e2c96 > i {\n  margin-right: 8px;\n}\n<\/style><a href=\"https:\/\/relaunch.planet-energie.de\/en\/contact\/\" class=\"default-btn-shortcode dt-btn dt-btn-m link-hover-off btn-inline-left\" id=\"default-btn-18030d0c1d48238270e5ade44e4e2c96\" title=\"Contact \/ Directions\"><span>Sprechen Sie uns an!<\/span><\/a><\/div><\/div><\/div><\/div><!-- Row Backgrounds --><div class=\"upb_bg_img\" data-ultimate-bg=\"url(https:\/\/relaunch.planet-energie.de\/wp-content\/uploads\/2020\/01\/con061.jpg)\" data-image-id=\"id^1150|url^http:\/\/relaunch.planet-energie.de\/wp-content\/uploads\/2020\/01\/con061.jpg|caption^null|alt^null|title^con061|description^null\" data-ultimate-bg-style=\"vcpb-default\" data-bg-img-repeat=\"no-repeat\" data-bg-img-size=\"cover\" data-bg-img-position=\"\" data-parallx_sense=\"30\" data-bg-override=\"full\" data-bg_img_attach=\"scroll\" data-upb-overlay-color=\"rgba(0,0,0,0.5)\" data-upb-bg-animation=\"\" data-fadeout=\"\" data-bg-animation=\"left-animation\" data-bg-animation-type=\"h\" data-animation-repeat=\"repeat\" data-fadeout-percentage=\"30\" data-parallax-content=\"\" data-parallax-content-sense=\"30\" data-row-effect-mobile-disable=\"true\" data-img-parallax-mobile-disable=\"true\" data-rtl=\"false\"  data-custom-vc-row=\"\"  data-vc=\"8.7.2\"  data-is_old_vc=\"\"  data-theme-support=\"\"   data-overlay=\"true\" data-overlay-color=\"rgba(0,0,0,0.5)\" data-overlay-pattern=\"\" data-overlay-pattern-opacity=\"0.8\" data-overlay-pattern-size=\"\" data-overlay-pattern-attachment=\"scroll\"    ><\/div>\n<\/div>","protected":false},"excerpt":{"rendered":"<p>Energieberatung Wir sind vielseitig aufgestellt: Leistungen die PLANET erbringt umfassen u.a.: Energieeinsparberatung Erstellung von Energie- und F\u00f6rderkonzepten und Baubegleitung f\u00fcr besonders sparsame Wohngeb\u00e4ude (z.B. zum Effizienzhausniveau in der Bundesf\u00f6rderung effiziente Geb\u00e4ude (BEG) Beratung zu Sanierungen F\u00f6rdermittelberatung Erstellung von Energieausweisen f\u00fcr Wohngeb\u00e4ude gem\u00e4\u00df Geb\u00e4udeenergiegesetz Unsere Auftraggeber sind Privatpersonen, Kommunen, Unternehmen und Verbraucherzentralen. Ansprechpartner: Klaus Nottebaum W\u00e4rmepumpe&hellip;<\/p>","protected":false},"author":2,"featured_media":0,"parent":27,"menu_order":1,"comment_status":"closed","ping_status":"closed","template":"","meta":{"footnotes":""},"class_list":["post-1828","page","type-page","status-publish","hentry","description-off"],"_links":{"self":[{"href":"https:\/\/relaunch.planet-energie.de\/en\/wp-json\/wp\/v2\/pages\/1828","targetHints":{"allow":["GET"]}}],"collection":[{"href":"https:\/\/relaunch.planet-energie.de\/en\/wp-json\/wp\/v2\/pages"}],"about":[{"href":"https:\/\/relaunch.planet-energie.de\/en\/wp-json\/wp\/v2\/types\/page"}],"author":[{"embeddable":true,"href":"https:\/\/relaunch.planet-energie.de\/en\/wp-json\/wp\/v2\/users\/2"}],"replies":[{"embeddable":true,"href":"https:\/\/relaunch.planet-energie.de\/en\/wp-json\/wp\/v2\/comments?post=1828"}],"version-history":[{"count":43,"href":"https:\/\/relaunch.planet-energie.de\/en\/wp-json\/wp\/v2\/pages\/1828\/revisions"}],"predecessor-version":[{"id":2606,"href":"https:\/\/relaunch.planet-energie.de\/en\/wp-json\/wp\/v2\/pages\/1828\/revisions\/2606"}],"up":[{"embeddable":true,"href":"https:\/\/relaunch.planet-energie.de\/en\/wp-json\/wp\/v2\/pages\/27"}],"wp:attachment":[{"href":"https:\/\/relaunch.planet-energie.de\/en\/wp-json\/wp\/v2\/media?parent=1828"}],"curies":[{"name":"wp","href":"https:\/\/api.w.org\/{rel}","templated":true}]}}