{"id":1813,"date":"2025-07-29T13:24:17","date_gmt":"2025-07-29T11:24:17","guid":{"rendered":"https:\/\/relaunch.planet-energie.de\/?page_id=1813"},"modified":"2025-12-16T15:19:25","modified_gmt":"2025-12-16T13:19:25","slug":"uebersicht-energietechnik","status":"publish","type":"page","link":"https:\/\/relaunch.planet-energie.de\/en\/energy\/uebersicht-energietechnik\/","title":{"rendered":"\u00dcbersicht Energietechnik"},"content":{"rendered":"<div class=\"wpb-content-wrapper\"><div class=\"vc_row wpb_row vc_row-fluid vc_custom_1474268037787\"><div class=\"wpb_column vc_column_container vc_col-sm-12 vc_col-lg-6 vc_col-md-6 vc_col-xs-12\"><div class=\"vc_column-inner\"><div class=\"wpb_wrapper\"><div id=\"ultimate-heading-262969f0609141249\" class=\"uvc-heading ult-adjust-bottom-margin ultimate-heading-262969f0609141249 uvc-3078 accent-border-color\" data-hspacer=\"line_only\"  data-halign=\"left\" style=\"text-align:left\"><div class=\"uvc-main-heading ult-responsive\"  data-ultimate-target='.uvc-heading.ultimate-heading-262969f0609141249 h2'  data-responsive-json-new='{\"font-size\":\"desktop:26px;\",\"line-height\":\"desktop:36px;\"}' ><h2 style=\"font-weight:bold;\">Building Services<\/h2><\/div><div class=\"uvc-heading-spacer line_only\" style=\"margin-top:15px;margin-bottom:30px;height:4px;\"><span class=\"uvc-headings-line\" style=\"border-style:solid;border-bottom-width:4px;border-color:;width:50px;\"><\/span><\/div><\/div>\n\t<div class=\"wpb_text_column wpb_content_element  vc_custom_1760433064117\" >\n\t\t<div class=\"wpb_wrapper\">\n\t\t\t<p>PLANET deckt das gesamte Spektrum der Ingenieurleistungen ab, von der Beratung \u00fcber s\u00e4mtliche Phasen der Planung, Ausschreibung und Vergabe bis zu Bauleitung, Qualit\u00e4tssicherung und Objektdokumentation. Wir haben seit unserer Gr\u00fcndung \u00fcber 700 Projekte in der Planung und Beratung abgewickelt.<\/p>\n<p>Insbesondere f\u00fcr Projekte und Projektideen mit stark innovativem Charakter bieten wir Ihnen auch Unterst\u00fctzung bei der Konzeptionierung bis hin zur Akquise von F\u00f6rdermitteln und dem Projektmanagement.<\/p>\n<p>Zu unseren Kunden geh\u00f6ren private Investoren, Kommunen, deutsche und internationale Unternehmen.<\/p>\n<p>Hier finden Sie mehr zur <strong><a href=\"\/en\/energy\/energieberatung\/\">Energieberatung<\/a><\/strong><\/p>\n\n\t\t<\/div>\n\t<\/div>\n<div id=\"ultimate-heading-272369f0609141446\" class=\"uvc-heading ult-adjust-bottom-margin ultimate-heading-272369f0609141446 uvc-3310 accent-border-color\" data-hspacer=\"line_only\"  data-halign=\"left\" style=\"text-align:left\"><div class=\"uvc-main-heading ult-responsive\"  data-ultimate-target='.uvc-heading.ultimate-heading-272369f0609141446 h2'  data-responsive-json-new='{\"font-size\":\"desktop:26px;\",\"line-height\":\"desktop:36px;\"}' ><h2 style=\"font-weight:bold;\">Services<\/h2><\/div><div class=\"uvc-heading-spacer line_only\" style=\"margin-top:15px;margin-bottom:30px;height:4px;\"><span class=\"uvc-headings-line\" style=\"border-style:solid;border-bottom-width:4px;border-color:;width:50px;\"><\/span><\/div><\/div><div class=\"standard-arrow bullet-top\"><ul>\n<li><strong>Beratung zu Ihrer Projektidee<\/strong><\/li>\n<li><strong>Machbarkeitsstudien \/ Wirtschaftlichkeitsanalysen<\/strong><\/li>\n<li><strong>Unterst\u00fctzung bei der Projektentwicklung<\/strong><\/li>\n<li><strong>Planungsleistungen<\/strong><\/li>\n<li><strong>Unterst\u00fctzung bei der Akquisition von F\u00f6rdermitteln<\/strong><\/li>\n<li><strong>Projektmanagement<\/strong><\/li>\n<li><strong>Auswertung von Betriebsdaten \/ Technologievalidierung<\/strong><\/li>\n<\/ul>\n<\/div><\/div><\/div><\/div><div class=\"wpb_column vc_column_container vc_col-sm-12 vc_col-lg-6 vc_col-md-6 vc_col-xs-12\"><div class=\"vc_column-inner\"><div class=\"wpb_wrapper\"><div id=\"ultimate-heading-136569f06091416e9\" class=\"uvc-heading ult-adjust-bottom-margin ultimate-heading-136569f06091416e9 uvc-5725 accent-border-color\" data-hspacer=\"line_only\"  data-halign=\"left\" style=\"text-align:left\"><div class=\"uvc-main-heading ult-responsive\"  data-ultimate-target='.uvc-heading.ultimate-heading-136569f06091416e9 h2'  data-responsive-json-new='{\"font-size\":\"desktop:26px;\",\"line-height\":\"desktop:36px;\"}' ><h2 style=\"font-weight:bold;\">Aktuelle Projekte<\/h2><\/div><div class=\"uvc-heading-spacer line_only\" style=\"margin-top:15px;margin-bottom:40px;height:4px;\"><span class=\"uvc-headings-line\" style=\"border-style:solid;border-bottom-width:4px;border-color:;width:50px;\"><\/span><\/div><\/div><div class=\"vc_tta-container\" data-vc-action=\"collapseAll\"><div class=\"vc_general vc_tta vc_tta-accordion vc_tta-color-grey vc_tta-style-classic vc_tta-shape-square vc_tta-spacing-5 vc_tta-gap-10 vc_tta-controls-align-default vc_tta-o-no-fill vc_tta-o-all-clickable\"><div class=\"vc_tta-panels-container\"><div class=\"vc_tta-panels\"><div class=\"vc_tta-panel\" id=\"1753720535645-dc09b079-7b73\" data-vc-content=\".vc_tta-panel-body\"><div class=\"vc_tta-panel-heading\"><p class=\"vc_tta-panel-title vc_tta-controls-icon-position-left\"><a href=\"#1753720535645-dc09b079-7b73\" data-vc-accordion data-vc-container=\".vc_tta-container\"><span class=\"vc_tta-title-text\">Energieberatung -- Privatgeb\u00e4ude<\/span><i class=\"vc_tta-controls-icon vc_tta-controls-icon-plus\"><\/i><\/a><\/p><\/div><div class=\"vc_tta-panel-body\">\n\t<div class=\"wpb_text_column wpb_content_element\" >\n\t\t<div class=\"wpb_wrapper\">\n\t\t\t<p>Beratung und Unterst\u00fctzung bei allen energetischen Ma\u00dfnahmen am Haus &#8211; sprechen Sie uns an!<\/p>\n<p><strong>Leistungen PLANET u.a.:<\/strong><\/p>\n\n\t\t<\/div>\n\t<\/div>\n<div class=\"vc_empty_space\"   style=\"height: 8px\"><span class=\"vc_empty_space_inner\"><\/span><\/div><div class=\"standard-arrow bullet-top\"><ul>\n<li><strong>Energieberatung &#8211; Konzept, Ma\u00dfnahmen<\/strong><\/li>\n<li><strong>Baubegleitung (F\u00f6rderbegleitung)<\/strong><\/li>\n<li><strong>Vor-Ort Beratung\u00a0<\/strong><\/li>\n<li><strong>Mieterberatung<\/strong><\/li>\n<\/ul>\n<\/div>\n\t<div class=\"wpb_text_column wpb_content_element  vc_custom_1760537775690\" >\n\t\t<div class=\"wpb_wrapper\">\n\t\t\t<p>Insgesamt haben wir seit 1991 f\u00fcr fast 4000 Objekte Hilfestellung bei der energetischen Sanierung geleistet. Z.B. im Auftrag der Verbraucherzentrale: wir bieten regelm\u00e4\u00dfige Beratungstermine an verschiedenen Standorten in der Weser-Ems-Region.<\/p>\n<p>Ansprechpartner: <a href=\"mailto:k.nottebaum@planet-energie.de\">Klaus Nottebaum<\/a><\/p>\n\n\t\t<\/div>\n\t<\/div>\n<\/div><\/div><div class=\"vc_tta-panel\" id=\"1753720535669-3511ab7d-468d\" data-vc-content=\".vc_tta-panel-body\"><div class=\"vc_tta-panel-heading\"><p class=\"vc_tta-panel-title vc_tta-controls-icon-position-left\"><a href=\"#1753720535669-3511ab7d-468d\" data-vc-accordion data-vc-container=\".vc_tta-container\"><span class=\"vc_tta-title-text\">Energieberatung -- Gewerbe<\/span><i class=\"vc_tta-controls-icon vc_tta-controls-icon-plus\"><\/i><\/a><\/p><\/div><div class=\"vc_tta-panel-body\">\n\t<div class=\"wpb_text_column wpb_content_element\" >\n\t\t<div class=\"wpb_wrapper\">\n\t\t\t<p>Beratung. Konzepte, Begleitung und Umsetzung<\/p>\n<p><strong>Leistungen PLANET u.a.:<\/strong><\/p>\n\n\t\t<\/div>\n\t<\/div>\n<div class=\"vc_empty_space\"   style=\"height: 8px\"><span class=\"vc_empty_space_inner\"><\/span><\/div><div class=\"standard-arrow bullet-top\"><ul>\n<li><strong>Datenanalyse, Datenerfassung<\/strong><\/li>\n<li><strong>Effizienzberatung und Konzepte<\/strong><\/li>\n<li><strong>Optimierung des Energiebezugs<\/strong><\/li>\n<li><strong>Umsetzung und Baubegleitung<\/strong><\/li>\n<\/ul>\n<\/div>\n\t<div class=\"wpb_text_column wpb_content_element  vc_custom_1760536416599\" >\n\t\t<div class=\"wpb_wrapper\">\n\t\t\t<p>Auftraggeber: Privatpersonen und Betriebe<\/p>\n<p>Ansprechpartner:<\/p>\n<p><a href=\"mailto:k.nottebaum@planet-energie.de\">Klaus Nottebaum\u00a0<\/a>und <a href=\"mailto:r.steinberger@planet-energie.de\">Robert Steinberger-Wilckens<\/a><\/p>\n<p>&nbsp;<\/p>\n\n\t\t<\/div>\n\t<\/div>\n<\/div><\/div><div class=\"vc_tta-panel\" id=\"1753720705812-b4767f50-8d63\" data-vc-content=\".vc_tta-panel-body\"><div class=\"vc_tta-panel-heading\"><p class=\"vc_tta-panel-title vc_tta-controls-icon-position-left\"><a href=\"#1753720705812-b4767f50-8d63\" data-vc-accordion data-vc-container=\".vc_tta-container\"><span class=\"vc_tta-title-text\">Energieversorgung Erlenh\u00f6fe, Jena<\/span><i class=\"vc_tta-controls-icon vc_tta-controls-icon-plus\"><\/i><\/a><\/p><\/div><div class=\"vc_tta-panel-body\">\n\t<div class=\"wpb_text_column wpb_content_element\" >\n\t\t<div class=\"wpb_wrapper\">\n\t\t\t<div class=\"wpb_text_column wpb_content_element\">\n<div class=\"wpb_wrapper\">\n<p>Konzept und Wirtschaftlichkeitsberechnung f\u00fcr eine Neubausiedlung mit Nahw\u00e4rmenetz:<\/p>\n<p>PV-gest\u00fctztes Biomasse-Nahw\u00e4rmenetz. Nutzung von Wasserstoff als saisonalem Energiespeicher.<\/p>\n<p><strong>Leistungen PLANET u.a.:<\/strong><\/p>\n<\/div>\n<\/div>\n\n\t\t<\/div>\n\t<\/div>\n<div class=\"vc_empty_space\"   style=\"height: 8px\"><span class=\"vc_empty_space_inner\"><\/span><\/div><div class=\"standard-arrow bullet-top\"><ul>\n<li><strong>Auslegung Photovoltaik<\/strong><\/li>\n<li><strong>Kostensch\u00e4tzung<\/strong><\/li>\n<li><strong>Auslegung des Nahw\u00e4rmenetzes<\/strong><\/li>\n<li><strong>Wirtschaftlichkeitsbetrachtung<\/strong><\/li>\n<li><strong>Mieterstrom-Konzept \/ Betreibermodell<\/strong><\/li>\n<\/ul>\n<\/div>\n\t<div class=\"wpb_text_column wpb_content_element  vc_custom_1756743715134\" >\n\t\t<div class=\"wpb_wrapper\">\n\t\t\t<p>Auftraggeber: Wohnungsgenossenschat &#8220;Carl Zeiss &#8221; eG<\/p>\n<p>Bearbeitet: in 2020, Ansprechpartner: <a href=\"mailto:r.steinberger@planet-energie.de\">Robert Steinberger-Wilckens<\/a><\/p>\n\n\t\t<\/div>\n\t<\/div>\n<\/div><\/div><\/div><\/div><\/div><\/div><div class=\"vc_empty_space\"   style=\"height: 16px\"><span class=\"vc_empty_space_inner\"><\/span><\/div>\n\t<div class=\"wpb_text_column wpb_content_element\" >\n\t\t<div class=\"wpb_wrapper\">\n\t\t\t<p><strong>\u00a0<\/strong><strong><a href=\"\/en\/energy\/ausgewaehlte-projekte\/\">Weitere Projekte<\/a><\/strong><\/p>\n\n\t\t<\/div>\n\t<\/div>\n<div class=\"vc_empty_space\"   style=\"height: 16px\"><span class=\"vc_empty_space_inner\"><\/span><\/div>\n\t<div class=\"wpb_text_column wpb_content_element\" >\n\t\t<div class=\"wpb_wrapper\">\n\t\t\t<p><strong>\u00a0<\/strong><strong><a href=\"\/en\/about-us\/clients\/\">Auftraggber und Projektpartner<\/a><\/strong><\/p>\n\n\t\t<\/div>\n\t<\/div>\n<div class=\"vc_empty_space\"   style=\"height: 32px\"><span class=\"vc_empty_space_inner\"><\/span><\/div><div id=\"ultimate-heading-47569f0609142d8b\" class=\"uvc-heading ult-adjust-bottom-margin ultimate-heading-47569f0609142d8b uvc-7646 accent-border-color\" data-hspacer=\"line_only\"  data-halign=\"left\" style=\"text-align:left\"><div class=\"uvc-heading-spacer line_only\" style=\"margin-top:15px;margin-bottom:40px;height:4px;\"><span class=\"uvc-headings-line\" style=\"border-style:solid;border-bottom-width:4px;border-color:;width:50px;\"><\/span><\/div><\/div><style type=\"text\/css\" data-type=\"the7_shortcodes-inline-css\">.shortcode-single-image-wrap.shortcode-single-image-07316fc58732999077847446555723cc.enable-bg-rollover .rollover i,\n.shortcode-single-image-wrap.shortcode-single-image-07316fc58732999077847446555723cc.enable-bg-rollover .rollover-video i {\n  background: -webkit-linear-gradient();\n  background: linear-gradient();\n}\n.shortcode-single-image-wrap.shortcode-single-image-07316fc58732999077847446555723cc .rollover-icon {\n  font-size: 32px;\n  color: #ffffff;\n  min-width: 44px;\n  min-height: 44px;\n  line-height: 44px;\n  border-radius: 100px;\n  border-style: solid;\n  border-width: 0px;\n}\n.dt-icon-bg-on.shortcode-single-image-wrap.shortcode-single-image-07316fc58732999077847446555723cc .rollover-icon {\n  background: rgba(255,255,255,0.3);\n  box-shadow: none;\n}\n<\/style><div class=\"shortcode-single-image-wrap shortcode-single-image-07316fc58732999077847446555723cc alignnone  vc_custom_1765891164089 enable-bg-rollover dt-icon-bg-off\" ><div class=\"shortcode-single-image\"><div class=\"fancy-media-wrap  layzr-bg\" style=\"\"><img fetchpriority=\"high\" decoding=\"async\" class=\"preload-me lazy-load aspect\" src=\"data:image\/svg+xml,%3Csvg%20xmlns%3D&#39;http%3A%2F%2Fwww.w3.org%2F2000%2Fsvg&#39;%20viewBox%3D&#39;0%200%201000%20500&#39;%2F%3E\" data-src=\"https:\/\/relaunch.planet-energie.de\/wp-content\/uploads\/2025\/12\/Kran_5a-1000x500.jpg\" data-srcset=\"https:\/\/relaunch.planet-energie.de\/wp-content\/uploads\/2025\/12\/Kran_5a-1000x500.jpg 1000w, https:\/\/relaunch.planet-energie.de\/wp-content\/uploads\/2025\/12\/Kran_5a-2000x1000.jpg 2000w\" loading=\"eager\" sizes=\"(max-width: 1000px) 100vw, 1000px\" width=\"1000\" height=\"500\"  data-dt-location=\"https:\/\/relaunch.planet-energie.de\/en\/energy\/uebersicht-energietechnik\/kran_5a\/\" style=\"--ratio: 1000 \/ 500;\" alt=\"Kran\" \/><\/div><\/div><\/div><\/div><\/div><\/div><\/div>\n<\/div>","protected":false},"excerpt":{"rendered":"<p>Technische Geb\u00e4udeausr\u00fcstung PLANET deckt das gesamte Spektrum der Ingenieurleistungen ab, von der Beratung \u00fcber s\u00e4mtliche Phasen der Planung, Ausschreibung und Vergabe bis zu Bauleitung, Qualit\u00e4tssicherung und Objektdokumentation. Wir haben seit unserer Gr\u00fcndung \u00fcber 700 Projekte in der Planung und Beratung abgewickelt. Insbesondere f\u00fcr Projekte und Projektideen mit stark innovativem Charakter bieten wir Ihnen auch Unterst\u00fctzung&hellip;<\/p>","protected":false},"author":2,"featured_media":0,"parent":27,"menu_order":1,"comment_status":"closed","ping_status":"closed","template":"","meta":{"footnotes":""},"class_list":["post-1813","page","type-page","status-publish","hentry","description-off"],"_links":{"self":[{"href":"https:\/\/relaunch.planet-energie.de\/en\/wp-json\/wp\/v2\/pages\/1813","targetHints":{"allow":["GET"]}}],"collection":[{"href":"https:\/\/relaunch.planet-energie.de\/en\/wp-json\/wp\/v2\/pages"}],"about":[{"href":"https:\/\/relaunch.planet-energie.de\/en\/wp-json\/wp\/v2\/types\/page"}],"author":[{"embeddable":true,"href":"https:\/\/relaunch.planet-energie.de\/en\/wp-json\/wp\/v2\/users\/2"}],"replies":[{"embeddable":true,"href":"https:\/\/relaunch.planet-energie.de\/en\/wp-json\/wp\/v2\/comments?post=1813"}],"version-history":[{"count":32,"href":"https:\/\/relaunch.planet-energie.de\/en\/wp-json\/wp\/v2\/pages\/1813\/revisions"}],"predecessor-version":[{"id":2585,"href":"https:\/\/relaunch.planet-energie.de\/en\/wp-json\/wp\/v2\/pages\/1813\/revisions\/2585"}],"up":[{"embeddable":true,"href":"https:\/\/relaunch.planet-energie.de\/en\/wp-json\/wp\/v2\/pages\/27"}],"wp:attachment":[{"href":"https:\/\/relaunch.planet-energie.de\/en\/wp-json\/wp\/v2\/media?parent=1813"}],"curies":[{"name":"wp","href":"https:\/\/api.w.org\/{rel}","templated":true}]}}