{"id":67,"date":"2016-06-22T01:33:14","date_gmt":"2016-06-21T23:33:14","guid":{"rendered":"https:\/\/the7.io\/construction\/?page_id=67"},"modified":"2025-10-14T11:09:27","modified_gmt":"2025-10-14T09:09:27","slug":"uebersicht","status":"publish","type":"page","link":"https:\/\/relaunch.planet-energie.de\/de\/hydrogen\/uebersicht\/","title":{"rendered":"\u00dcbersicht Wasserstoff"},"content":{"rendered":"<div class=\"wpb-content-wrapper\"><div class=\"vc_row wpb_row vc_row-fluid vc_custom_1474268037787\"><div class=\"wpb_column vc_column_container vc_col-sm-12 vc_col-lg-6 vc_col-md-6 vc_col-xs-12\"><div class=\"vc_column-inner\"><div class=\"wpb_wrapper\"><div id=\"ultimate-heading-173069f049bbeb6b0\" class=\"uvc-heading ult-adjust-bottom-margin ultimate-heading-173069f049bbeb6b0 uvc-922 accent-border-color\" data-hspacer=\"line_only\"  data-halign=\"left\" style=\"text-align:left\"><div class=\"uvc-main-heading ult-responsive\"  data-ultimate-target='.uvc-heading.ultimate-heading-173069f049bbeb6b0 h2'  data-responsive-json-new='{\"font-size\":\"desktop:26px;\",\"line-height\":\"desktop:36px;\"}' ><h2 style=\"font-weight:bold;\">Wasserstoff und Brennstoffzellen<\/h2><\/div><div class=\"uvc-heading-spacer line_only\" style=\"margin-top:15px;margin-bottom:30px;height:4px;\"><span class=\"uvc-headings-line\" style=\"border-style:solid;border-bottom-width:4px;border-color:#00A443;width:autopx;\"><\/span><\/div><\/div>\n\t<div class=\"wpb_text_column wpb_content_element  vc_custom_1760432966165\" >\n\t\t<div class=\"wpb_wrapper\">\n\t\t\t<p><span style=\"color: #000000;\">Wasserstoff bietet viele M\u00f6glichkeit, von der Speicherung erneuerbarer Energiequellen bis zum Rohstoff f\u00fcr die chemische Industrie.<\/span><\/p>\n<p><span style=\"color: #000000;\">Wasserstoff erlaubt es, regenerativen Strom optimal in bestehende Versorgungsnetze einzubinden und langfristig zu speichern, entweder zur R\u00fcckverstromung oder zum Verkauf in andere M\u00e4rkte.\u00a0<\/span><\/p>\n<p><span style=\"color: #000000;\">Ein Teil des gr\u00fcnen Wasserstoffs kann n\u00e4mlich anderen Marktsegmenten zur Verf\u00fcgung gestellt werden, als Treibstoff bildet er zum Beispiel die Grundlage f\u00fcr einen umweltfreundlichen Langstrecken-Fahrzeugverkehr. Als Rohstoff in der Stahlindustrie erlaubt er die grundlegende Reduktion von Kohlendioxid-Emissionen, oder die Produktion von gr\u00fcnem Ammoniak in der D\u00fcngemittelindustrie.<\/span><\/p>\n<p>Brennstoffzellen treiben Fahrzeuge an und liefern effizient den Strom f\u00fcr Langstrecken. Hoch- und Niedertemperatur-Brenstoffzellen stellen Strom und W\u00e4rme f\u00fcr lokale Energinetze und netzunabh\u00e4ngige Energieversorungen bereit.<\/p>\n<p>Wir bieten au\u00dferdem <strong><a href=\"\/de\/hydrogen\/weiterbildung\/\">Weiterbildungen<\/a><\/strong> an.<\/p>\n\n\t\t<\/div>\n\t<\/div>\n<div id=\"ultimate-heading-345169f049bbeb883\" class=\"uvc-heading ult-adjust-bottom-margin ultimate-heading-345169f049bbeb883 uvc-3237 accent-border-color\" data-hspacer=\"line_only\"  data-halign=\"left\" style=\"text-align:left\"><div class=\"uvc-main-heading ult-responsive\"  data-ultimate-target='.uvc-heading.ultimate-heading-345169f049bbeb883 h2'  data-responsive-json-new='{\"font-size\":\"desktop:26px;\",\"line-height\":\"desktop:36px;\"}' ><h2 style=\"font-weight:bold;\">Unsere Leistungen<\/h2><\/div><div class=\"uvc-heading-spacer line_only\" style=\"margin-top:15px;margin-bottom:30px;height:4px;\"><span class=\"uvc-headings-line\" style=\"border-style:solid;border-bottom-width:4px;border-color:;width:50px;\"><\/span><\/div><\/div><div class=\"standard-arrow bullet-top\"><ul>\n<li><strong>Beratung und Konzeptentwicklung<\/strong><\/li>\n<li><strong>Machbarkeitsstudien \/ Wirtschaftlichkeitsanalysen<\/strong><\/li>\n<li><strong>Projektentwicklung \/\u00a0<\/strong><strong>Unterst\u00fctzung bei der Akquisition von F\u00f6rdermitteln<\/strong><\/li>\n<li><strong>Antragstellung, Projektsteuerung, Berichtswesen<\/strong><\/li>\n<li><strong>Leistungsbewertung anhand von Betriebsdaten \/ Technologievalidierung<\/strong><\/li>\n<li><strong> Bildung und Qualifizierung<\/strong><\/li>\n<\/ul>\n<\/div><\/div><\/div><\/div><div class=\"wpb_column vc_column_container vc_col-sm-12 vc_col-lg-6 vc_col-md-6 vc_col-xs-12\"><div class=\"vc_column-inner\"><div class=\"wpb_wrapper\"><div id=\"ultimate-heading-764169f049bbebad0\" class=\"uvc-heading ult-adjust-bottom-margin ultimate-heading-764169f049bbebad0 uvc-2925 accent-border-color\" data-hspacer=\"line_only\"  data-halign=\"left\" style=\"text-align:left\"><div class=\"uvc-main-heading ult-responsive\"  data-ultimate-target='.uvc-heading.ultimate-heading-764169f049bbebad0 h2'  data-responsive-json-new='{\"font-size\":\"desktop:26px;\",\"line-height\":\"desktop:36px;\"}' ><h2 style=\"font-weight:bold;\">Aktuelle Projekte<\/h2><\/div><div class=\"uvc-heading-spacer line_only\" style=\"margin-top:15px;margin-bottom:40px;height:4px;\"><span class=\"uvc-headings-line\" style=\"border-style:solid;border-bottom-width:4px;border-color:;width:50px;\"><\/span><\/div><\/div><div class=\"vc_tta-container\" data-vc-action=\"collapseAll\"><div class=\"vc_general vc_tta vc_tta-accordion vc_tta-color-grey vc_tta-style-classic vc_tta-shape-square vc_tta-spacing-5 vc_tta-gap-10 vc_tta-controls-align-default vc_tta-o-no-fill vc_tta-o-all-clickable\"><div class=\"vc_tta-panels-container\"><div class=\"vc_tta-panels\"><div class=\"vc_tta-panel\" id=\"1753720535645-dc09b079-7b73\" data-vc-content=\".vc_tta-panel-body\"><div class=\"vc_tta-panel-heading\"><p class=\"vc_tta-panel-title vc_tta-controls-icon-position-left\"><a href=\"#1753720535645-dc09b079-7b73\" data-vc-accordion data-vc-container=\".vc_tta-container\"><span class=\"vc_tta-title-text\">PoWerD -- Atlas f\u00fcr geeignete Elektrolyseur-Standorte in Deutschland<\/span><i class=\"vc_tta-controls-icon vc_tta-controls-icon-plus\"><\/i><\/a><\/p><\/div><div class=\"vc_tta-panel-body\">\n\t<div class=\"wpb_text_column wpb_content_element \" >\n\t\t<div class=\"wpb_wrapper\">\n\t\t\t<p>Wo k\u00f6nnen gr\u00fcner Wasserstoff und seine Koppelprodukte Sauerstoff und W\u00e4rme wirtschaftlich und im Sinne der Sektorenkopplung vorteilhaft erzeugt und genutzt werden? Zeithorizont bis 2045.<\/p>\n<p><strong>Leistungen PLANET u.a.:<\/strong><\/p>\n\n\t\t<\/div>\n\t<\/div>\n<div class=\"vc_empty_space\"   style=\"height: 8px\"><span class=\"vc_empty_space_inner\"><\/span><\/div><div class=\"standard-arrow bullet-top\"><ul>\n<li><strong>Leitung des Arbeitspakets zur Erhebung der nachfrageseitigen Wasserstoff-Potenziale<\/strong><\/li>\n<li><strong>Bestimmung der Potenziale im \u00f6ffentlichen Nahverkehr, zeitlich und r\u00e4umlich aufgel\u00f6st<\/strong><\/li>\n<li><strong>Mitarbeit am Online-Atlas<\/strong><\/li>\n<\/ul>\n<\/div>\n\t<div class=\"wpb_text_column wpb_content_element  vc_custom_1759827783064\" >\n\t\t<div class=\"wpb_wrapper\">\n\t\t\t<p>Auftraggeber: Fraunhofer-Institut f\u00fcr Solare Energiesysteme<\/p>\n<p>F\u00f6rderung durch den Projekttr\u00e4ger J\u00fclich \/ 7. Energieforschungsprogramm der Bundesregierung<\/p>\n<p>Bearbeitung: 2022 bis 2025, Ansprechpartner: <a href=\"mailto:k.stolzenburg@planet-energie.de\">Klaus Stolzenburg<\/a><\/p>\n<p><a href=\"https:\/\/www.h2-powerd.de\/\" target=\"_blank\" rel=\"noopener\">www.h2-powerd.de<\/a><\/p>\n<p><img loading=\"lazy\" decoding=\"async\" class=\"alignnone size-full wp-image-1665\" role=\"img\" src=\"https:\/\/relaunch.planet-energie.de\/wp-content\/uploads\/2025\/07\/Logo_H2_Powerd.svg\" alt=\"\" width=\"347\" height=\"148\" \/><\/p>\n\n\t\t<\/div>\n\t<\/div>\n<\/div><\/div><div class=\"vc_tta-panel\" id=\"1753720535669-3511ab7d-468d\" data-vc-content=\".vc_tta-panel-body\"><div class=\"vc_tta-panel-heading\"><p class=\"vc_tta-panel-title vc_tta-controls-icon-position-left\"><a href=\"#1753720535669-3511ab7d-468d\" data-vc-accordion data-vc-container=\".vc_tta-container\"><span class=\"vc_tta-title-text\">JIVE -- Joint Initiative for hydrogen Vehicles across Europe<\/span><i class=\"vc_tta-controls-icon vc_tta-controls-icon-plus\"><\/i><\/a><\/p><\/div><div class=\"vc_tta-panel-body\">\n\t<div class=\"wpb_text_column wpb_content_element \" >\n\t\t<div class=\"wpb_wrapper\">\n\t\t\t<p>Einsatz von Brennstoffzellenbussen und Wasserstofftankstellen in Aberdeen, Birmingham, Bozen, der Provinz Gelderland, der Region K\u00f6ln, London und Wuppertal<\/p>\n<p><strong>Leistungen PLANET u.a.:<\/strong><\/p>\n\n\t\t<\/div>\n\t<\/div>\n<div class=\"vc_empty_space\"   style=\"height: 8px\"><span class=\"vc_empty_space_inner\"><\/span><\/div><div class=\"standard-arrow bullet-top\"><ul>\n<li><strong>Auswertung von Betriebsdaten der Tankstellen zur Verifizierung ihrer Leistungsf\u00e4higkeit<\/strong><\/li>\n<li><strong>Leitfaden mit \u201eBest Practice\u201c bei der Einf\u00fchrung von Brennstoffzellenbussen und Wasserstoff als Kraftstoff im \u00f6ffentlichen Nahverkehr<\/strong><\/li>\n<li><strong>Leitlinien f\u00fcr die Umr\u00fcstung von Werkst\u00e4tten f\u00fcr die Wartung von Fahrzeugen mit Wasserstoff und Hochvoltanlagen<\/strong><\/li>\n<\/ul>\n<\/div>\n\t<div class=\"wpb_text_column wpb_content_element  vc_custom_1759827805665\" >\n\t\t<div class=\"wpb_wrapper\">\n\t\t\t<p>Auftraggeber: Clean Hydrogen Partnership<\/p>\n<p>F\u00f6rderung im Rahmen des Programms &#8220;Horizon 2020&#8221; der Europ\u00e4ischen Kommission<\/p>\n<p>Bearbeitung: 2017 bis 2024, Ansprechpartner: <a href=\"mailto:k.stolzenburg@planet-energie.de\">Klaus Stolzenburg<\/a><\/p>\n<p><a href=\"https:\/\/fuelcellbuses.eu\/projects\/jive\/\" target=\"_blank\" rel=\"noopener\">fuelcellbuses.eu\/projects\/jive<\/a><\/p>\n<p><img loading=\"lazy\" decoding=\"async\" class=\"alignnone size-medium wp-image-1671\" src=\"https:\/\/relaunch.planet-energie.de\/wp-content\/uploads\/2025\/07\/Wuppertal_30_P1040665-300x225.jpg\" alt=\"\" width=\"300\" height=\"225\" srcset=\"https:\/\/relaunch.planet-energie.de\/wp-content\/uploads\/2025\/07\/Wuppertal_30_P1040665-300x225.jpg 300w, https:\/\/relaunch.planet-energie.de\/wp-content\/uploads\/2025\/07\/Wuppertal_30_P1040665-1024x768.jpg 1024w, https:\/\/relaunch.planet-energie.de\/wp-content\/uploads\/2025\/07\/Wuppertal_30_P1040665-768x576.jpg 768w, https:\/\/relaunch.planet-energie.de\/wp-content\/uploads\/2025\/07\/Wuppertal_30_P1040665-1536x1152.jpg 1536w, https:\/\/relaunch.planet-energie.de\/wp-content\/uploads\/2025\/07\/Wuppertal_30_P1040665-2048x1536.jpg 2048w, https:\/\/relaunch.planet-energie.de\/wp-content\/uploads\/2025\/07\/Wuppertal_30_P1040665-16x12.jpg 16w\" sizes=\"auto, (max-width: 300px) 100vw, 300px\" \/><\/p>\n\n\t\t<\/div>\n\t<\/div>\n<\/div><\/div><div class=\"vc_tta-panel\" id=\"1756747745830-b06ced93-ef33\" data-vc-content=\".vc_tta-panel-body\"><div class=\"vc_tta-panel-heading\"><p class=\"vc_tta-panel-title vc_tta-controls-icon-position-left\"><a href=\"#1756747745830-b06ced93-ef33\" data-vc-accordion data-vc-container=\".vc_tta-container\"><span class=\"vc_tta-title-text\">ReSteP -- Wasserstoff- und Elektromobilit\u00e4ts-Daten<\/span><i class=\"vc_tta-controls-icon vc_tta-controls-icon-plus\"><\/i><\/a><\/p><\/div><div class=\"vc_tta-panel-body\">\n\t<div class=\"wpb_text_column wpb_content_element \" >\n\t\t<div class=\"wpb_wrapper\">\n\t\t\t<p>Bereitstellung von Zeitreihen f\u00fcr Elektromobilit\u00e4ts-Szenarien f\u00fcr den Landkreis Wesermarsch, inkl. Wasserstoff-E-Mobilit\u00e4t f\u00fcr die Jahre 2025 bis 2050.<\/p>\n<p><strong>Leistungen PLANET u.a.:<\/strong><\/p>\n\n\t\t<\/div>\n\t<\/div>\n<div class=\"vc_empty_space\"   style=\"height: 8px\"><span class=\"vc_empty_space_inner\"><\/span><\/div><div class=\"standard-arrow bullet-top\"><ul>\n<li><strong>Ermittlung des Mobilit\u00e4tsbedarfes im Landkreis (z.B. Ein- und Auspendler, Kraftverkehr etc.)<\/strong><\/li>\n<li><strong>Aufbau von Szenarien f\u00fcr die Zunahme der E-Mobilit\u00e4t (Batterie und Wasserstoff)<\/strong><\/li>\n<li><strong>Bereitstellung von st\u00fcndlich aufgel\u00f6sten Zeitreihen, u.a. basierend auf Wetterdaten<\/strong><\/li>\n<\/ul>\n<\/div>\n\t<div class=\"wpb_text_column wpb_content_element \" >\n\t\t<div class=\"wpb_wrapper\">\n\t\t\t<p>Auftraggeber: Jade Hochschule, Oldenburg\/Wilhelmshaven<\/p>\n<p>Bearbeitung: 2024\/25, Ansprechpartner: <a href=\"mailto:r.steinberger@planet-energie.de\">Robert Steinberger-Wilckens<\/a><\/p>\n<p>Projekt: ReSteP &#8211; <a href=\"https:\/\/iapg.jade-hs.de\/projekte\/restep\">Regionale Strategische Energieplanung <\/a><\/p>\n<p>&nbsp;<\/p>\n\n\t\t<\/div>\n\t<\/div>\n<\/div><\/div><div class=\"vc_tta-panel\" id=\"1753720705812-b4767f50-8d63\" data-vc-content=\".vc_tta-panel-body\"><div class=\"vc_tta-panel-heading\"><p class=\"vc_tta-panel-title vc_tta-controls-icon-position-left\"><a href=\"#1753720705812-b4767f50-8d63\" data-vc-accordion data-vc-container=\".vc_tta-container\"><span class=\"vc_tta-title-text\">Green SKHy -- Green Skills and Knowledge for Hydrogen<\/span><i class=\"vc_tta-controls-icon vc_tta-controls-icon-plus\"><\/i><\/a><\/p><\/div><div class=\"vc_tta-panel-body\">\n\t<div class=\"wpb_text_column wpb_content_element \" >\n\t\t<div class=\"wpb_wrapper\">\n\t\t\t<div class=\"wpb_text_column wpb_content_element \">\n<div class=\"wpb_wrapper\">\n<p>Das Projekt entwickelt theoretische und praktische Weiterbildungsangebote im Bereich Wasserstoff.<\/p>\n<p><strong>Leistungen PLANET u.a.:<\/strong><\/p>\n<\/div>\n<\/div>\n\n\t\t<\/div>\n\t<\/div>\n<div class=\"vc_empty_space\"   style=\"height: 8px\"><span class=\"vc_empty_space_inner\"><\/span><\/div><div class=\"standard-arrow bullet-top\"><ul>\n<li><strong>Konzeptionierung eines mobilen Ausbildungslabors<\/strong><\/li>\n<li><strong>Aufbau des mobilen Ausbildungslabors<\/strong><\/li>\n<li><strong>Durchf\u00fchrung von praktischen Weiterbildungs-Ma\u00dfnahmen<\/strong><\/li>\n<\/ul>\n<\/div>\n\t<div class=\"wpb_text_column wpb_content_element  vc_custom_1759827830901\" >\n\t\t<div class=\"wpb_wrapper\">\n\t\t\t<p>PLANET arbeitet in diesem Projekt eng zusammen mit der Deutschen Windguard, der Rijksuniversiteit Groningen und Future.Solutions GmbH<\/p>\n<p>F\u00f6rderung durch Interreg NWE.<\/p>\n<p>Bearbeitung: 2024 bis 2026, Ansprechpartner: <a href=\"mailto:r.steinberger@planet-energie.de\">Robert Steinberger-Wilckens<\/a><\/p>\n<p><a href=\"https:\/\/greenskhy.nweurope.eu\/\" target=\"_blank\" rel=\"noopener\">greenskhy.nweurope.eu<\/a><\/p>\n\n\t\t<\/div>\n\t<\/div>\n<\/div><\/div><\/div><\/div><\/div><\/div><div class=\"vc_empty_space\"   style=\"height: 16px\"><span class=\"vc_empty_space_inner\"><\/span><\/div>\n\t<div class=\"wpb_text_column wpb_content_element \" >\n\t\t<div class=\"wpb_wrapper\">\n\t\t\t<p><strong>\u00a0<\/strong><strong><a href=\"\/de\/hydrogen\/projekte\/\">Weitere Projekte<\/a><\/strong><\/p>\n\n\t\t<\/div>\n\t<\/div>\n<div class=\"vc_empty_space\"   style=\"height: 16px\"><span class=\"vc_empty_space_inner\"><\/span><\/div>\n\t<div class=\"wpb_text_column wpb_content_element \" >\n\t\t<div class=\"wpb_wrapper\">\n\t\t\t<p><strong>\u00a0<\/strong><strong><a href=\"\/de\/about-us\/clients\/\">Auftraggeber und Projektpartner<\/a><\/strong><\/p>\n\n\t\t<\/div>\n\t<\/div>\n<div class=\"vc_empty_space\"   style=\"height: 32px\"><span class=\"vc_empty_space_inner\"><\/span><\/div><div id=\"ultimate-heading-754469f049bbed51f\" class=\"uvc-heading ult-adjust-bottom-margin ultimate-heading-754469f049bbed51f uvc-1800 accent-border-color\" data-hspacer=\"line_only\"  data-halign=\"left\" style=\"text-align:left\"><div class=\"uvc-heading-spacer line_only\" style=\"margin-top:15px;margin-bottom:40px;height:4px;\"><span class=\"uvc-headings-line\" style=\"border-style:solid;border-bottom-width:4px;border-color:;width:50px;\"><\/span><\/div><\/div><style type=\"text\/css\" data-type=\"the7_shortcodes-inline-css\">.shortcode-single-image-wrap.shortcode-single-image-485faa483c4a14cdd15f67b68062e625.enable-bg-rollover .rollover i,\n.shortcode-single-image-wrap.shortcode-single-image-485faa483c4a14cdd15f67b68062e625.enable-bg-rollover .rollover-video i {\n  background: -webkit-linear-gradient();\n  background: linear-gradient();\n}\n.shortcode-single-image-wrap.shortcode-single-image-485faa483c4a14cdd15f67b68062e625 .rollover-icon {\n  font-size: 32px;\n  color: #ffffff;\n  min-width: 44px;\n  min-height: 44px;\n  line-height: 44px;\n  border-radius: 100px;\n  border-style: solid;\n  border-width: 0px;\n}\n.dt-icon-bg-on.shortcode-single-image-wrap.shortcode-single-image-485faa483c4a14cdd15f67b68062e625 .rollover-icon {\n  background: rgba(255,255,255,0.3);\n  box-shadow: none;\n}\n<\/style><div class=\"shortcode-single-image-wrap shortcode-single-image-485faa483c4a14cdd15f67b68062e625 alignnone  vc_custom_1758716139305 enable-bg-rollover dt-icon-bg-off\" ><div class=\"shortcode-single-image\"><div class=\"fancy-media-wrap  layzr-bg\" style=\"\"><img fetchpriority=\"high\" decoding=\"async\" class=\"preload-me lazy-load aspect\" src=\"data:image\/svg+xml,%3Csvg%20xmlns%3D&#39;http%3A%2F%2Fwww.w3.org%2F2000%2Fsvg&#39;%20viewBox%3D&#39;0%200%201000%20700&#39;%2F%3E\" data-src=\"https:\/\/relaunch.planet-energie.de\/wp-content\/uploads\/2025\/09\/Elektrolyseur_2-scaled-1000x700.jpg\" data-srcset=\"https:\/\/relaunch.planet-energie.de\/wp-content\/uploads\/2025\/09\/Elektrolyseur_2-scaled-1000x700.jpg 1000w, https:\/\/relaunch.planet-energie.de\/wp-content\/uploads\/2025\/09\/Elektrolyseur_2-scaled-2000x1400.jpg 2000w\" loading=\"eager\" sizes=\"(max-width: 1000px) 100vw, 1000px\" width=\"1000\" height=\"700\"  data-dt-location=\"https:\/\/relaunch.planet-energie.de\/de\/hydrogen\/uebersicht\/elektrolyseur_2\/\" style=\"--ratio: 1000 \/ 700;\" alt=\"Stack eines Elektrolyseurs\" \/><\/div><\/div><\/div><\/div><\/div><\/div><\/div>\n<\/div>","protected":false},"excerpt":{"rendered":"<p>Wasserstoff und Brennstoffzellen Wasserstoff bietet viele M\u00f6glichkeit, von der Speicherung erneuerbarer Energiequellen bis zum Rohstoff f\u00fcr die chemische Industrie. Wasserstoff erlaubt es, regenerativen Strom optimal in bestehende Versorgungsnetze einzubinden und langfristig zu speichern, entweder zur R\u00fcckverstromung oder zum Verkauf in andere M\u00e4rkte.\u00a0 Ein Teil des gr\u00fcnen Wasserstoffs kann n\u00e4mlich anderen Marktsegmenten zur Verf\u00fcgung gestellt werden,&hellip;<\/p>\n","protected":false},"author":1,"featured_media":0,"parent":1183,"menu_order":0,"comment_status":"closed","ping_status":"closed","template":"","meta":{"footnotes":""},"class_list":["post-67","page","type-page","status-publish","hentry","description-off"],"_links":{"self":[{"href":"https:\/\/relaunch.planet-energie.de\/de\/wp-json\/wp\/v2\/pages\/67","targetHints":{"allow":["GET"]}}],"collection":[{"href":"https:\/\/relaunch.planet-energie.de\/de\/wp-json\/wp\/v2\/pages"}],"about":[{"href":"https:\/\/relaunch.planet-energie.de\/de\/wp-json\/wp\/v2\/types\/page"}],"author":[{"embeddable":true,"href":"https:\/\/relaunch.planet-energie.de\/de\/wp-json\/wp\/v2\/users\/1"}],"replies":[{"embeddable":true,"href":"https:\/\/relaunch.planet-energie.de\/de\/wp-json\/wp\/v2\/comments?post=67"}],"version-history":[{"count":152,"href":"https:\/\/relaunch.planet-energie.de\/de\/wp-json\/wp\/v2\/pages\/67\/revisions"}],"predecessor-version":[{"id":2538,"href":"https:\/\/relaunch.planet-energie.de\/de\/wp-json\/wp\/v2\/pages\/67\/revisions\/2538"}],"up":[{"embeddable":true,"href":"https:\/\/relaunch.planet-energie.de\/de\/wp-json\/wp\/v2\/pages\/1183"}],"wp:attachment":[{"href":"https:\/\/relaunch.planet-energie.de\/de\/wp-json\/wp\/v2\/media?parent=67"}],"curies":[{"name":"wp","href":"https:\/\/api.w.org\/{rel}","templated":true}]}}