{"id":1787,"date":"2025-07-29T12:32:08","date_gmt":"2025-07-29T10:32:08","guid":{"rendered":"https:\/\/relaunch.planet-energie.de\/?page_id=1787"},"modified":"2025-12-16T14:52:20","modified_gmt":"2025-12-16T12:52:20","slug":"energieberatung","status":"publish","type":"page","link":"https:\/\/relaunch.planet-energie.de\/de\/energy\/energieberatung\/","title":{"rendered":"Energieberatung"},"content":{"rendered":"<div class=\"wpb-content-wrapper\"><div class=\"vc_row wpb_row vc_row-fluid vc_custom_1493829267800\"><div class=\"wpb_column vc_column_container vc_col-sm-12 vc_col-lg-6 vc_col-md-6 vc_col-xs-12\"><div class=\"vc_column-inner vc_custom_1753701567743\"><div class=\"wpb_wrapper\"><div id=\"ultimate-heading-572169f049c31ace2\" class=\"uvc-heading ult-adjust-bottom-margin ultimate-heading-572169f049c31ace2 uvc-2332 accent-border-color\" data-hspacer=\"line_only\"  data-halign=\"left\" style=\"text-align:left\"><div class=\"uvc-main-heading ult-responsive\"  data-ultimate-target='.uvc-heading.ultimate-heading-572169f049c31ace2 h2'  data-responsive-json-new='{\"font-size\":\"desktop:26px;\",\"line-height\":\"desktop:36px;\"}' ><h2 style=\"font-weight:bold;\">Geb\u00e4ude-Energieberatung<\/h2><\/div><div class=\"uvc-heading-spacer line_only\" style=\"margin-top:15px;margin-bottom:50px;height:4px;\"><span class=\"uvc-headings-line\" style=\"border-style:solid;border-bottom-width:4px;border-color:;width:50px;\"><\/span><\/div><\/div>\n\t<div class=\"wpb_text_column wpb_content_element \" >\n\t\t<div class=\"wpb_wrapper\">\n\t\t\t<p>Steigende Energiepreise, technische Neuerungen und sich \u00e4ndernde gesetzliche Vorgaben, z.B. durch das Geb\u00e4udeenergiegesetz, f\u00fchren zu neuen Anforderungen an den Geb\u00e4ude-Energiestandard bei Neubau und Altbaumodernisierung.<\/p>\n<p>Unser B\u00fcro bietet Hilfestellung bei der Umsetzung Ihres Vorhabens. Wir f\u00fchren Schwachstellenanalysen durch, entwickeln energetische Konzepte f\u00fcr Neubau und Sanierung und liefern die erforderlichen Nachweise.<\/p>\n\n\t\t<\/div>\n\t<\/div>\n<div class=\"vc_empty_space\"   style=\"height: 16px\"><span class=\"vc_empty_space_inner\"><\/span><\/div><style type=\"text\/css\" data-type=\"the7_shortcodes-inline-css\">.shortcode-single-image-wrap.shortcode-single-image-79c1fb33976d187acd4d574f384049f9.enable-bg-rollover .rollover i,\n.shortcode-single-image-wrap.shortcode-single-image-79c1fb33976d187acd4d574f384049f9.enable-bg-rollover .rollover-video i {\n  background: -webkit-linear-gradient();\n  background: linear-gradient();\n}\n.shortcode-single-image-wrap.shortcode-single-image-79c1fb33976d187acd4d574f384049f9 .rollover-icon {\n  font-size: 32px;\n  color: #ffffff;\n  min-width: 44px;\n  min-height: 44px;\n  line-height: 44px;\n  border-radius: 100px;\n  border-style: solid;\n  border-width: 0px;\n}\n.dt-icon-bg-on.shortcode-single-image-wrap.shortcode-single-image-79c1fb33976d187acd4d574f384049f9 .rollover-icon {\n  background: rgba(255,255,255,0.3);\n  box-shadow: none;\n}\n<\/style><div class=\"shortcode-single-image-wrap shortcode-single-image-79c1fb33976d187acd4d574f384049f9 alignnone  vc_custom_1765889540261 enable-bg-rollover dt-icon-bg-off\" ><div class=\"shortcode-single-image\"><div class=\"fancy-media-wrap  layzr-bg\" style=\"\"><img fetchpriority=\"high\" decoding=\"async\" class=\"preload-me lazy-load aspect\" src=\"data:image\/svg+xml,%3Csvg%20xmlns%3D&#39;http%3A%2F%2Fwww.w3.org%2F2000%2Fsvg&#39;%20viewBox%3D&#39;0%200%201000%20500&#39;%2F%3E\" data-src=\"https:\/\/relaunch.planet-energie.de\/wp-content\/uploads\/2025\/12\/Zaehler_2b-1000x500.jpg\" data-srcset=\"https:\/\/relaunch.planet-energie.de\/wp-content\/uploads\/2025\/12\/Zaehler_2b-1000x500.jpg 1000w, https:\/\/relaunch.planet-energie.de\/wp-content\/uploads\/2025\/12\/Zaehler_2b-1584x792.jpg 1584w\" loading=\"eager\" sizes=\"(max-width: 1000px) 100vw, 1000px\" width=\"1000\" height=\"500\"  data-dt-location=\"https:\/\/relaunch.planet-energie.de\/de\/energy\/energieberatung\/zaehler_2b\/\" style=\"--ratio: 1000 \/ 500;\" alt=\"Stromz\u00e4hler\" \/><\/div><\/div><\/div>\n\t<div class=\"wpb_text_column wpb_content_element \" >\n\t\t<div class=\"wpb_wrapper\">\n\t\t\t<p>Unser B\u00fcro ist seit 1986 im Bereich Energieberatung t\u00e4tig.<\/p>\n<p>Die &#8220;Energieeinsparberatung vor Ort&#8221; f\u00fchren wir seit 1991 durch und haben seither \u00fcber 4000 Objekte besichtigt und begutachtet, bzw. Energiesparma\u00dfnahmen konzeptionell begleitet.<\/p>\n\n\t\t<\/div>\n\t<\/div>\n<div class=\"vc_empty_space\"   style=\"height: 16px\"><span class=\"vc_empty_space_inner\"><\/span><\/div><\/div><\/div><\/div><div class=\"wpb_column vc_column_container vc_col-sm-12 vc_col-lg-6 vc_col-md-6 vc_col-xs-12\"><div class=\"vc_column-inner vc_custom_1493829183360\"><div class=\"wpb_wrapper\"><div id=\"ultimate-heading-730069f049c31bb36\" class=\"uvc-heading ult-adjust-bottom-margin ultimate-heading-730069f049c31bb36 uvc-1489 accent-border-color\" data-hspacer=\"line_only\"  data-halign=\"left\" style=\"text-align:left\"><div class=\"uvc-main-heading ult-responsive\"  data-ultimate-target='.uvc-heading.ultimate-heading-730069f049c31bb36 h2'  data-responsive-json-new='{\"font-size\":\"desktop:26px;\",\"line-height\":\"desktop:36px;\"}' ><h2 style=\"font-weight:bold;\">Leistungen<\/h2><\/div><div class=\"uvc-heading-spacer line_only\" style=\"margin-top:15px;margin-bottom:50px;height:4px;\"><span class=\"uvc-headings-line\" style=\"border-style:solid;border-bottom-width:4px;border-color:;width:50px;\"><\/span><\/div><\/div><div class=\"standard-arrow bullet-top\"><ul>\n<li><strong>Erstellung von Energie- und F\u00f6rderkonzepten und Baubegleitung f\u00fcr besonders sparsame Wohngeb\u00e4ude im Rahmen der KfW-F\u00f6rderung <\/strong>(z.B. &#8220;Effizienzhausniveau&#8221; im Programm Energieeffizient Sanieren)<\/li>\n<li><strong>Energieberatung f\u00fcr Wohngeb\u00e4ude im Rahmen der Bundesf\u00f6rderung durch die Verbraucherzentrale.<br \/>\n<\/strong>Beratung f\u00fcr Eigenheimbesitzer und Vermieter, ebenso wie f\u00fcr Mieter.<\/li>\n<li><strong>Erstellung von Energieausweisen<\/strong> f\u00fcr Wohn- und Nichtwohngeb\u00e4ude gem\u00e4\u00df Energiesparverordnung<\/li>\n<li><strong>Gutachten in Bauschadensf\u00e4llen<\/strong> zu Bauausf\u00fchrung von Heizungs- und Geb\u00e4udetechnik und Nahw\u00e4rmeversorgungen<\/li>\n<\/ul>\n<\/div><div class=\"vc_empty_space\"   style=\"height: 16px\"><span class=\"vc_empty_space_inner\"><\/span><\/div>\n\t<div class=\"wpb_text_column wpb_content_element \" >\n\t\t<div class=\"wpb_wrapper\">\n\t\t\t<p>Ansprechpartner: <a href=\"mailto:k.nottebaum@planet-energie.de\">Klaus Nottebaum<\/a><\/p>\n\n\t\t<\/div>\n\t<\/div>\n<\/div><\/div><\/div><\/div><div class=\"vc_row wpb_row vc_row-fluid vc_custom_1578767453437\"><div class=\"wpb_column vc_column_container vc_col-sm-8\"><div class=\"vc_column-inner\"><div class=\"wpb_wrapper\"><div id=\"ultimate-heading-794269f049c31c1e3\" class=\"uvc-heading ult-adjust-bottom-margin ultimate-heading-794269f049c31c1e3 uvc-2128 \" data-hspacer=\"no_spacer\"  data-halign=\"left\" style=\"text-align:left\"><div class=\"uvc-heading-spacer no_spacer\" style=\"top\"><\/div><div class=\"uvc-main-heading ult-responsive\"  data-ultimate-target='.uvc-heading.ultimate-heading-794269f049c31c1e3 h2'  data-responsive-json-new='{\"font-size\":\"desktop:24px;\",\"line-height\":\"desktop:32px;\"}' ><h2 style=\"font-weight:bold;color:#ffffff;margin-bottom:20px;\">Haben Sie ein Projekt f\u00fcr uns?<\/h2><\/div><div class=\"uvc-sub-heading ult-responsive\"  data-ultimate-target='.uvc-heading.ultimate-heading-794269f049c31c1e3 .uvc-sub-heading '  data-responsive-json-new='{\"font-size\":\"desktop:16px;\",\"line-height\":\"desktop:28px;\"}'  style=\"font-weight:normal;color:#ffffff;margin-bottom:30px;\">Von der Beratung und Konzeptentwicklung, \u00fcber Machbarkeitsstudien, Wirtschaftlichkeitsanalysen, Projektentwicklung, Akquisition von F\u00f6rdermitteln, Antragstellung, Projektsteuerung, Berichtswesen, Auswertung von Betriebsdaten, Technologievalidierung bis zu Bildung und Qualifizierung.<\/div><\/div><style type=\"text\/css\" data-type=\"the7_shortcodes-inline-css\">#default-btn-18030d0c1d48238270e5ade44e4e2c96.ico-right-side > i {\n  margin-right: 0px;\n  margin-left: 8px;\n}\n#default-btn-18030d0c1d48238270e5ade44e4e2c96 > i {\n  margin-right: 8px;\n}\n<\/style><a href=\"https:\/\/relaunch.planet-energie.de\/contact\/\" class=\"default-btn-shortcode dt-btn dt-btn-m link-hover-off btn-inline-left \" id=\"default-btn-18030d0c1d48238270e5ade44e4e2c96\" title=\"Kontakt \/ Anfahrt\"><span>Sprechen Sie uns an!<\/span><\/a><\/div><\/div><\/div><\/div><!-- Row Backgrounds --><div class=\"upb_bg_img\" data-ultimate-bg=\"url(https:\/\/relaunch.planet-energie.de\/wp-content\/uploads\/2020\/01\/con061.jpg)\" data-image-id=\"id^1150|url^http:\/\/relaunch.planet-energie.de\/wp-content\/uploads\/2020\/01\/con061.jpg|caption^null|alt^null|title^con061|description^null\" data-ultimate-bg-style=\"vcpb-default\" data-bg-img-repeat=\"no-repeat\" data-bg-img-size=\"cover\" data-bg-img-position=\"\" data-parallx_sense=\"30\" data-bg-override=\"full\" data-bg_img_attach=\"scroll\" data-upb-overlay-color=\"rgba(0,0,0,0.5)\" data-upb-bg-animation=\"\" data-fadeout=\"\" data-bg-animation=\"left-animation\" data-bg-animation-type=\"h\" data-animation-repeat=\"repeat\" data-fadeout-percentage=\"30\" data-parallax-content=\"\" data-parallax-content-sense=\"30\" data-row-effect-mobile-disable=\"true\" data-img-parallax-mobile-disable=\"true\" data-rtl=\"false\"  data-custom-vc-row=\"\"  data-vc=\"8.7.2\"  data-is_old_vc=\"\"  data-theme-support=\"\"   data-overlay=\"true\" data-overlay-color=\"rgba(0,0,0,0.5)\" data-overlay-pattern=\"\" data-overlay-pattern-opacity=\"0.8\" data-overlay-pattern-size=\"\" data-overlay-pattern-attachment=\"scroll\"    ><\/div>\n<\/div>","protected":false},"excerpt":{"rendered":"<p>Geb\u00e4ude-Energieberatung Steigende Energiepreise, technische Neuerungen und sich \u00e4ndernde gesetzliche Vorgaben, z.B. durch das Geb\u00e4udeenergiegesetz, f\u00fchren zu neuen Anforderungen an den Geb\u00e4ude-Energiestandard bei Neubau und Altbaumodernisierung. Unser B\u00fcro bietet Hilfestellung bei der Umsetzung Ihres Vorhabens. Wir f\u00fchren Schwachstellenanalysen durch, entwickeln energetische Konzepte f\u00fcr Neubau und Sanierung und liefern die erforderlichen Nachweise. Unser B\u00fcro ist seit 1986&hellip;<\/p>\n","protected":false},"author":2,"featured_media":0,"parent":27,"menu_order":1,"comment_status":"closed","ping_status":"closed","template":"","meta":{"footnotes":""},"class_list":["post-1787","page","type-page","status-publish","hentry","description-off"],"_links":{"self":[{"href":"https:\/\/relaunch.planet-energie.de\/de\/wp-json\/wp\/v2\/pages\/1787","targetHints":{"allow":["GET"]}}],"collection":[{"href":"https:\/\/relaunch.planet-energie.de\/de\/wp-json\/wp\/v2\/pages"}],"about":[{"href":"https:\/\/relaunch.planet-energie.de\/de\/wp-json\/wp\/v2\/types\/page"}],"author":[{"embeddable":true,"href":"https:\/\/relaunch.planet-energie.de\/de\/wp-json\/wp\/v2\/users\/2"}],"replies":[{"embeddable":true,"href":"https:\/\/relaunch.planet-energie.de\/de\/wp-json\/wp\/v2\/comments?post=1787"}],"version-history":[{"count":27,"href":"https:\/\/relaunch.planet-energie.de\/de\/wp-json\/wp\/v2\/pages\/1787\/revisions"}],"predecessor-version":[{"id":2575,"href":"https:\/\/relaunch.planet-energie.de\/de\/wp-json\/wp\/v2\/pages\/1787\/revisions\/2575"}],"up":[{"embeddable":true,"href":"https:\/\/relaunch.planet-energie.de\/de\/wp-json\/wp\/v2\/pages\/27"}],"wp:attachment":[{"href":"https:\/\/relaunch.planet-energie.de\/de\/wp-json\/wp\/v2\/media?parent=1787"}],"curies":[{"name":"wp","href":"https:\/\/api.w.org\/{rel}","templated":true}]}}