{"id":1394,"date":"2024-03-15T11:43:22","date_gmt":"2024-03-15T11:43:22","guid":{"rendered":"https:\/\/relaunch.planet-energie.de\/?page_id=1394"},"modified":"2025-12-16T15:33:27","modified_gmt":"2025-12-16T13:33:27","slug":"profil","status":"publish","type":"page","link":"https:\/\/relaunch.planet-energie.de\/de\/about-us\/profil\/","title":{"rendered":"Profil"},"content":{"rendered":"<div class=\"wpb-content-wrapper\"><div class=\"vc_row wpb_row vc_row-fluid vc_custom_1493829267800\"><div class=\"wpb_column vc_column_container vc_col-sm-12 vc_col-lg-6 vc_col-md-6 vc_col-xs-12\"><div class=\"vc_column-inner vc_custom_1493829169670\"><div class=\"wpb_wrapper\"><div id=\"ultimate-heading-988869f05d1f2d0f3\" class=\"uvc-heading ult-adjust-bottom-margin ultimate-heading-988869f05d1f2d0f3 uvc-2603 accent-border-color\" data-hspacer=\"line_only\"  data-halign=\"left\" style=\"text-align:left\"><div class=\"uvc-main-heading ult-responsive\"  data-ultimate-target='.uvc-heading.ultimate-heading-988869f05d1f2d0f3 h2'  data-responsive-json-new='{\"font-size\":\"desktop:26px;\",\"line-height\":\"desktop:36px;\"}' ><h2 style=\"font-weight:bold;\">Was wir tun<\/h2><\/div><div class=\"uvc-heading-spacer line_only\" style=\"margin-top:15px;margin-bottom:50px;height:4px;\"><span class=\"uvc-headings-line\" style=\"border-style:solid;border-bottom-width:4px;border-color:;width:50px;\"><\/span><\/div><\/div><style type=\"text\/css\" data-type=\"the7_shortcodes-inline-css\">.shortcode-single-image-wrap.shortcode-single-image-e2b5cb831bc663839b0295e557402175.enable-bg-rollover .rollover i,\n.shortcode-single-image-wrap.shortcode-single-image-e2b5cb831bc663839b0295e557402175.enable-bg-rollover .rollover-video i {\n  background: -webkit-linear-gradient();\n  background: linear-gradient();\n}\n.shortcode-single-image-wrap.shortcode-single-image-e2b5cb831bc663839b0295e557402175 .rollover-icon {\n  font-size: 32px;\n  color: #ffffff;\n  min-width: 44px;\n  min-height: 44px;\n  line-height: 44px;\n  border-radius: 100px;\n  border-style: solid;\n  border-width: 0px;\n}\n.dt-icon-bg-on.shortcode-single-image-wrap.shortcode-single-image-e2b5cb831bc663839b0295e557402175 .rollover-icon {\n  background: rgba(255,255,255,0.3);\n  box-shadow: none;\n}\n<\/style><div class=\"shortcode-single-image-wrap shortcode-single-image-e2b5cb831bc663839b0295e557402175 alignnone  vc_custom_1765892007150 enable-bg-rollover dt-icon-bg-off\" ><div class=\"shortcode-single-image\"><div class=\"fancy-media-wrap  layzr-bg\" style=\"\"><img fetchpriority=\"high\" decoding=\"async\" class=\"preload-me lazy-load aspect\" src=\"data:image\/svg+xml,%3Csvg%20xmlns%3D&#39;http%3A%2F%2Fwww.w3.org%2F2000%2Fsvg&#39;%20viewBox%3D&#39;0%200%201000%20500&#39;%2F%3E\" data-src=\"https:\/\/relaunch.planet-energie.de\/wp-content\/uploads\/2025\/12\/Kran_7d-scaled-1000x500.jpg\" data-srcset=\"https:\/\/relaunch.planet-energie.de\/wp-content\/uploads\/2025\/12\/Kran_7d-scaled-1000x500.jpg 1000w, https:\/\/relaunch.planet-energie.de\/wp-content\/uploads\/2025\/12\/Kran_7d-scaled-2000x1000.jpg 2000w\" loading=\"eager\" sizes=\"(max-width: 1000px) 100vw, 1000px\" width=\"1000\" height=\"500\"  data-dt-location=\"https:\/\/relaunch.planet-energie.de\/de\/about-us\/profil\/kran_7d\/\" style=\"--ratio: 1000 \/ 500;\" alt=\"Kran\" \/><\/div><\/div><\/div>\n\t<div class=\"wpb_text_column wpb_content_element \" >\n\t\t<div class=\"wpb_wrapper\">\n\t\t\t<p>Als Ingenieurb\u00fcro f\u00fcr Energie- und Versorgungstechnik unterst\u00fctzen wir unsere Kunden und Projektpartner beim kosteng\u00fcnstigen und nachhaltigen Einsatz von Energie. Das reicht von Konzepten zur effektiven Sanierung von Geb\u00e4uden im Bestand bis zu Projekten im industriellen Kontext.<\/p>\n<p>Bei der Speicherung von Energie aus erneuerbaren Quellen sehen wir Wasserstoff als komplement\u00e4re M\u00f6glichkeit zu Batterien, insbesondere wenn es um gro\u00dfe Energiemengen. Wasserstoff, eingesetzt in Brennstoffzellen, Turbinen, Verbrennungsmotoren oder als Rohstoff, sehen wir als wichtigen Baustein f\u00fcr eine zuk\u00fcnftige, nachhaltige Energieversorgung.<\/p>\n<p>Unsere Erfahrungen aus zahlreichen Projekten setzen wir zum Vorteil unserer Kunden ein.<\/p>\n\n\t\t<\/div>\n\t<\/div>\n<\/div><\/div><\/div><div class=\"wpb_column vc_column_container vc_col-sm-12 vc_col-lg-6 vc_col-md-6 vc_col-xs-12\"><div class=\"vc_column-inner vc_custom_1493829183360\"><div class=\"wpb_wrapper\"><div id=\"ultimate-heading-287769f05d1f2db00\" class=\"uvc-heading ult-adjust-bottom-margin ultimate-heading-287769f05d1f2db00 uvc-593 accent-border-color\" data-hspacer=\"line_only\"  data-halign=\"left\" style=\"text-align:left\"><div class=\"uvc-main-heading ult-responsive\"  data-ultimate-target='.uvc-heading.ultimate-heading-287769f05d1f2db00 h2'  data-responsive-json-new='{\"font-size\":\"desktop:26px;\",\"line-height\":\"desktop:36px;\"}' ><h2 style=\"font-weight:bold;\">Gesellschafter<\/h2><\/div><div class=\"uvc-heading-spacer line_only\" style=\"margin-top:15px;margin-bottom:40px;height:4px;\"><span class=\"uvc-headings-line\" style=\"border-style:solid;border-bottom-width:4px;border-color:;width:50px;\"><\/span><\/div><\/div><div class=\"standard-arrow bullet-top\"><ul>\n<li>Diplom-Physiker Klaus Nottebaum<br \/>\nEnergieberatung \/ Energietechnik<\/li>\n<li>Dr. rer.-nat, Diplom-Physiker Robert Steinberger-Wilckens<br \/>\nEnergietechnik, Wasserstoff \/ Brennstoffzellen, Weiterbildung<\/li>\n<li>Diplom-Physiker Klaus Stolzenburg<br \/>\nWasserstoff als Energietr\u00e4ger f\u00fcr saubere Mobilit\u00e4t und sichere Energieversorgung<\/li>\n<\/ul>\n<\/div><div class=\"vc_empty_space\"   style=\"height: 16px\"><span class=\"vc_empty_space_inner\"><\/span><\/div><div id=\"ultimate-heading-105869f05d1f2dc94\" class=\"uvc-heading ult-adjust-bottom-margin ultimate-heading-105869f05d1f2dc94 uvc-9702  uvc-heading-default-font-sizes\" data-hspacer=\"no_spacer\"  data-halign=\"center\" style=\"text-align:center\"><div class=\"uvc-heading-spacer no_spacer\" style=\"top\"><\/div><\/div><style type=\"text\/css\" data-type=\"the7_shortcodes-inline-css\">.shortcode-single-image-wrap.shortcode-single-image-cd64d57d348d186ebfd4325ccb559214.enable-bg-rollover .rollover i,\n.shortcode-single-image-wrap.shortcode-single-image-cd64d57d348d186ebfd4325ccb559214.enable-bg-rollover .rollover-video i {\n  background: -webkit-linear-gradient();\n  background: linear-gradient();\n}\n.shortcode-single-image-wrap.shortcode-single-image-cd64d57d348d186ebfd4325ccb559214 .rollover-icon {\n  font-size: 32px;\n  color: #ffffff;\n  min-width: 44px;\n  min-height: 44px;\n  line-height: 44px;\n  border-radius: 100px;\n  border-style: solid;\n  border-width: 0px;\n}\n.dt-icon-bg-on.shortcode-single-image-wrap.shortcode-single-image-cd64d57d348d186ebfd4325ccb559214 .rollover-icon {\n  background: rgba(255,255,255,0.3);\n  box-shadow: none;\n}\n<\/style><div class=\"shortcode-single-image-wrap shortcode-single-image-cd64d57d348d186ebfd4325ccb559214 alignnone  vc_custom_1758789180496 enable-bg-rollover dt-icon-bg-off\" ><div class=\"shortcode-single-image\"><div class=\"fancy-media-wrap  layzr-bg\" style=\"\"><img decoding=\"async\" class=\"preload-me lazy-load aspect\" src=\"data:image\/svg+xml,%3Csvg%20xmlns%3D&#39;http%3A%2F%2Fwww.w3.org%2F2000%2Fsvg&#39;%20viewBox%3D&#39;0%200%201000%20700&#39;%2F%3E\" data-src=\"https:\/\/relaunch.planet-energie.de\/wp-content\/uploads\/2025\/09\/Zeichnung_HRS_1-1-scaled-1000x700.jpg\" data-srcset=\"https:\/\/relaunch.planet-energie.de\/wp-content\/uploads\/2025\/09\/Zeichnung_HRS_1-1-scaled-1000x700.jpg 1000w, https:\/\/relaunch.planet-energie.de\/wp-content\/uploads\/2025\/09\/Zeichnung_HRS_1-1-scaled-2000x1400.jpg 2000w\" loading=\"eager\" sizes=\"(max-width: 1000px) 100vw, 1000px\" width=\"1000\" height=\"700\"  data-dt-location=\"https:\/\/relaunch.planet-energie.de\/de\/about-us\/profil\/zeichnung_hrs_1-2\/\" style=\"--ratio: 1000 \/ 700;\" alt=\"Zeichnung_HRS_2\" \/><\/div><\/div><\/div><\/div><\/div><\/div><\/div>\n<\/div>","protected":false},"excerpt":{"rendered":"<p>Was wir tun Als Ingenieurb\u00fcro f\u00fcr Energie- und Versorgungstechnik unterst\u00fctzen wir unsere Kunden und Projektpartner beim kosteng\u00fcnstigen und nachhaltigen Einsatz von Energie. Das reicht von Konzepten zur effektiven Sanierung von Geb\u00e4uden im Bestand bis zu Projekten im industriellen Kontext. Bei der Speicherung von Energie aus erneuerbaren Quellen sehen wir Wasserstoff als komplement\u00e4re M\u00f6glichkeit zu Batterien,&hellip;<\/p>\n","protected":false},"author":1,"featured_media":0,"parent":154,"menu_order":1,"comment_status":"closed","ping_status":"closed","template":"","meta":{"footnotes":""},"class_list":["post-1394","page","type-page","status-publish","hentry","description-off"],"_links":{"self":[{"href":"https:\/\/relaunch.planet-energie.de\/de\/wp-json\/wp\/v2\/pages\/1394","targetHints":{"allow":["GET"]}}],"collection":[{"href":"https:\/\/relaunch.planet-energie.de\/de\/wp-json\/wp\/v2\/pages"}],"about":[{"href":"https:\/\/relaunch.planet-energie.de\/de\/wp-json\/wp\/v2\/types\/page"}],"author":[{"embeddable":true,"href":"https:\/\/relaunch.planet-energie.de\/de\/wp-json\/wp\/v2\/users\/1"}],"replies":[{"embeddable":true,"href":"https:\/\/relaunch.planet-energie.de\/de\/wp-json\/wp\/v2\/comments?post=1394"}],"version-history":[{"count":36,"href":"https:\/\/relaunch.planet-energie.de\/de\/wp-json\/wp\/v2\/pages\/1394\/revisions"}],"predecessor-version":[{"id":2591,"href":"https:\/\/relaunch.planet-energie.de\/de\/wp-json\/wp\/v2\/pages\/1394\/revisions\/2591"}],"up":[{"embeddable":true,"href":"https:\/\/relaunch.planet-energie.de\/de\/wp-json\/wp\/v2\/pages\/154"}],"wp:attachment":[{"href":"https:\/\/relaunch.planet-energie.de\/de\/wp-json\/wp\/v2\/media?parent=1394"}],"curies":[{"name":"wp","href":"https:\/\/api.w.org\/{rel}","templated":true}]}}