{"id":1390,"date":"2024-03-15T11:41:08","date_gmt":"2024-03-15T11:41:08","guid":{"rendered":"https:\/\/relaunch.planet-energie.de\/?page_id=1390"},"modified":"2026-02-05T17:57:45","modified_gmt":"2026-02-05T15:57:45","slug":"weiterbildung","status":"publish","type":"page","link":"https:\/\/relaunch.planet-energie.de\/de\/hydrogen\/weiterbildung\/","title":{"rendered":"Weiterbildung"},"content":{"rendered":"<div class=\"wpb-content-wrapper\"><div class=\"vc_row wpb_row vc_row-fluid vc_custom_1493829267800\"><div class=\"wpb_column vc_column_container vc_col-sm-12 vc_col-lg-6 vc_col-md-6 vc_col-xs-12\"><div class=\"vc_column-inner vc_custom_1753701567743\"><div class=\"wpb_wrapper\"><div id=\"ultimate-heading-233369f049e0d739c\" class=\"uvc-heading ult-adjust-bottom-margin ultimate-heading-233369f049e0d739c uvc-2855 accent-border-color\" data-hspacer=\"line_only\"  data-halign=\"left\" style=\"text-align:left\"><div class=\"uvc-main-heading ult-responsive\"  data-ultimate-target='.uvc-heading.ultimate-heading-233369f049e0d739c h2'  data-responsive-json-new='{\"font-size\":\"desktop:26px;\",\"line-height\":\"desktop:36px;\"}' ><h2 style=\"font-weight:bold;\">Brennstoffzellen, Elektrolyseure und Wasserstoff - in der Praxis erfahren<\/h2><\/div><div class=\"uvc-heading-spacer line_only\" style=\"margin-top:15px;margin-bottom:50px;height:4px;\"><span class=\"uvc-headings-line\" style=\"border-style:solid;border-bottom-width:4px;border-color:;width:50px;\"><\/span><\/div><\/div>\n\t<div class=\"wpb_text_column wpb_content_element \" >\n\t\t<div class=\"wpb_wrapper\">\n\t\t\t<p>Jenseits von theoretischen und Online-Kursen bieten wir 1- bis 2-t\u00e4gige Schulungen im Labor, die Ihnen die Wasserstoff-Technik in der Praxis nahe bringen.\u00a0Neudeutsch: &#8216;hands-on training&#8217;.<\/p>\n<p>Wir bieten zur Zeit folgenden Kurs an:<\/p>\n<p>&#8211; Grundlagen der Brennstoffzellen und Elektrolyseure.<\/p>\n<p>Folgende Themen sind in Vorbereitung:<\/p>\n<p>&#8211; Sicherer Umgang mit Wasserstoff.<\/p>\n<p>&#8211; Elektrolyseure: Technik, awrtung und Betrieb.<\/p>\n<p>Zur Zeit erestellen wir Teilnahmebescheinigungen. In Zukunft werden die Kurse jedoch zu anerkannten Zertifikaten f\u00fchren. Mehr dar\u00fcber an dieser Stelle, wenn es so weit ist.<\/p>\n\n\t\t<\/div>\n\t<\/div>\n<div class=\"vc_empty_space\"   style=\"height: 16px\"><span class=\"vc_empty_space_inner\"><\/span><\/div><style type=\"text\/css\" data-type=\"the7_shortcodes-inline-css\">.shortcode-single-image-wrap.shortcode-single-image-86431a157d71b2d879d7f88b9c232b6c.enable-bg-rollover .rollover i,\n.shortcode-single-image-wrap.shortcode-single-image-86431a157d71b2d879d7f88b9c232b6c.enable-bg-rollover .rollover-video i {\n  background: -webkit-linear-gradient();\n  background: linear-gradient();\n}\n.shortcode-single-image-wrap.shortcode-single-image-86431a157d71b2d879d7f88b9c232b6c .rollover-icon {\n  font-size: 32px;\n  color: #ffffff;\n  min-width: 44px;\n  min-height: 44px;\n  line-height: 44px;\n  border-radius: 100px;\n  border-style: solid;\n  border-width: 0px;\n}\n.dt-icon-bg-on.shortcode-single-image-wrap.shortcode-single-image-86431a157d71b2d879d7f88b9c232b6c .rollover-icon {\n  background: rgba(255,255,255,0.3);\n  box-shadow: none;\n}\n<\/style><div class=\"shortcode-single-image-wrap shortcode-single-image-86431a157d71b2d879d7f88b9c232b6c alignnone caption-on  vc_custom_1755786704343 enable-bg-rollover dt-icon-bg-off\" ><div class=\"shortcode-single-image\"><div class=\"fancy-media-wrap  layzr-bg\" style=\"\"><img fetchpriority=\"high\" decoding=\"async\" class=\"preload-me lazy-load aspect\" src=\"data:image\/svg+xml,%3Csvg%20xmlns%3D&#39;http%3A%2F%2Fwww.w3.org%2F2000%2Fsvg&#39;%20viewBox%3D&#39;0%200%201000%20500&#39;%2F%3E\" data-src=\"https:\/\/relaunch.planet-energie.de\/wp-content\/uploads\/2025\/08\/roinetheman_a_photo_of_teenagers_that_is_safe_and_healthy_study_e7801d50-18cd-48f3-9391-69194c8d1a19-1000x500.jpg\" data-srcset=\"https:\/\/relaunch.planet-energie.de\/wp-content\/uploads\/2025\/08\/roinetheman_a_photo_of_teenagers_that_is_safe_and_healthy_study_e7801d50-18cd-48f3-9391-69194c8d1a19-1000x500.jpg 1000w, https:\/\/relaunch.planet-energie.de\/wp-content\/uploads\/2025\/08\/roinetheman_a_photo_of_teenagers_that_is_safe_and_healthy_study_e7801d50-18cd-48f3-9391-69194c8d1a19-1024x512.jpg 1024w\" loading=\"eager\" sizes=\"(max-width: 1000px) 100vw, 1000px\" width=\"1000\" height=\"500\"  data-dt-location=\"https:\/\/relaunch.planet-energie.de\/de\/hydrogen\/weiterbildung\/roinetheman_a_photo_of_teenagers_that_is_safe_and_healthy_study_e7801d50-18cd-48f3-9391-69194c8d1a19\/\" style=\"--ratio: 1000 \/ 500;\" alt=\"Teilnehmer in Labor\" \/><\/div><\/div><div class=\"shortcode-single-caption\">Labor mit Sch\u00fclern<\/div><\/div>\n\t<div class=\"wpb_text_column wpb_content_element \" >\n\t\t<div class=\"wpb_wrapper\">\n\t\t\t<p>Unsere Kurse dienen der Weiterbildung, sie setzen also grundlegendes technisches Verst\u00e4ndnis voraus. Um Sie entsprechend vorzubereiten, bieten wir eine kurze Online-Einf\u00fchrung &#8211; dann k\u00f6nnen Sie den Anleitungen im Labor m\u00fchelos folgen.<\/p>\n<p>Im Einf\u00fchrungskurs experimentieren Sie mit<\/p>\n<ul>\n<li>einfachen Brennstoffzellen- und Elektrolyseur-Modellen,<\/li>\n<li>schlie\u00dfen Ger\u00e4te an und \u00fcberpr\u00fcfen die Betriebssicherheit<\/li>\n<li>nehmen Kennlinien auf<\/li>\n<li>sehen sich im Detail die Materialien von Brennstoffzellen und Elektrolyseuren an<\/li>\n<li>arbeiten mit kleinen, kommerziellen Brennstoffzellen- und Elektrolyseur-Ger\u00e4ten<\/li>\n<\/ul>\n<p>Im Sicherheitskurs (in Vorbereitung) erkunden wir Wasserstoff-Verbrennung und -Verpuffung, erkl\u00e4ren die Sicherheit im Labor, die \u00dcberpr\u00fcfung von Anlagen, und fertigen sichere Wasserstoff-Installationen an.<\/p>\n\n\t\t<\/div>\n\t<\/div>\n<\/div><\/div><\/div><div class=\"wpb_column vc_column_container vc_col-sm-12 vc_col-lg-6 vc_col-md-6 vc_col-xs-12\"><div class=\"vc_column-inner vc_custom_1493829183360\"><div class=\"wpb_wrapper\"><div id=\"ultimate-heading-625569f049e0d7f42\" class=\"uvc-heading ult-adjust-bottom-margin ultimate-heading-625569f049e0d7f42 uvc-2922 accent-border-color\" data-hspacer=\"line_only\"  data-halign=\"left\" style=\"text-align:left\"><div class=\"uvc-main-heading ult-responsive\"  data-ultimate-target='.uvc-heading.ultimate-heading-625569f049e0d7f42 h2'  data-responsive-json-new='{\"font-size\":\"desktop:26px;\",\"line-height\":\"desktop:36px;\"}' ><h2 style=\"font-weight:bold;\">Aktuelle Kurse und Termine<\/h2><\/div><div class=\"uvc-heading-spacer line_only\" style=\"margin-top:15px;margin-bottom:40px;height:4px;\"><span class=\"uvc-headings-line\" style=\"border-style:solid;border-bottom-width:4px;border-color:;width:50px;\"><\/span><\/div><\/div><div class=\"vc_tta-container\" data-vc-action=\"collapseAll\"><div class=\"vc_general vc_tta vc_tta-accordion vc_tta-color-grey vc_tta-style-classic vc_tta-shape-rounded vc_tta-o-shape-group vc_tta-controls-align-default vc_tta-o-all-clickable\"><div class=\"vc_tta-panels-container\"><div class=\"vc_tta-panels\"><div class=\"vc_tta-panel\" id=\"1755852296762-1084114c-7923\" data-vc-content=\".vc_tta-panel-body\"><div class=\"vc_tta-panel-heading\"><h6 class=\"vc_tta-panel-title vc_tta-controls-icon-position-left\"><a href=\"#1755852296762-1084114c-7923\" data-vc-accordion data-vc-container=\".vc_tta-container\"><span class=\"vc_tta-title-text\">Green SKHy - April 2026 - Varel (genauer Termin wird bekanntgegeben)<\/span><i class=\"vc_tta-controls-icon vc_tta-controls-icon-plus\"><\/i><\/a><\/h6><\/div><div class=\"vc_tta-panel-body\">\n\t<div class=\"wpb_text_column wpb_content_element \" >\n\t\t<div class=\"wpb_wrapper\">\n\t\t\t<p>Dieser Kurs liefert erste Einblicke in die Technik von Brennstoffzellen und Elektrolyseuren. In einfache Experimenten erfahren Sie die Grundlagen der Technik, machen eigene Erfahrungen und hantieren mit kommerziellen Produkten.<\/p>\n<p>Der Kurs ist kostenlos und findet in den Schulungs-R\u00e4umen der Deutschen Windguard in Varel statt. Er ist geeignet f\u00fcr Profis, die sich in das Thema Wasserstoff einarbeiten wollen, genauso wie f\u00fcr Lehrer an weiterbildenden oder Berufs-Schulen.<\/p>\n<p>Kursdauer: 2 Tage (jeweils 09:00 h bis 17:00 h).<\/p>\n<p>Kosten: kostenlos (im Rahmen des Green SKHy Projektes)<\/p>\n<p>Sprache: Deutsch<\/p>\n<p>Verpflegung: frei<\/p>\n<p>Zertifikat: Teilnahmebest\u00e4tigung<\/p>\n<p>Anmeldung \u00fcber <a href=\"mailto:r.steinberger@planet-energie.de\"><em>Anmeldung Varel<\/em><\/a><\/p>\n\n\t\t<\/div>\n\t<\/div>\n<\/div><\/div><div class=\"vc_tta-panel\" id=\"1770280180455-45a17847-bc7c\" data-vc-content=\".vc_tta-panel-body\"><div class=\"vc_tta-panel-heading\"><h6 class=\"vc_tta-panel-title vc_tta-controls-icon-position-left\"><a href=\"#1770280180455-45a17847-bc7c\" data-vc-accordion data-vc-container=\".vc_tta-container\"><span class=\"vc_tta-title-text\">Green SKHy - April 2026 - Vorf\u00fchrungen f\u00fcr Schulklassen und interessierte B\u00fcrger, Varel (genauer Termin wird bekanntgegeben)<\/span><i class=\"vc_tta-controls-icon vc_tta-controls-icon-plus\"><\/i><\/a><\/h6><\/div><div class=\"vc_tta-panel-body\">\n\t<div class=\"wpb_text_column wpb_content_element \" >\n\t\t<div class=\"wpb_wrapper\">\n\t\t\t<p>Wir geben Einblicke in unsere Schulungs-Arbeit und f\u00fchren f\u00fcr Sch\u00fcler und Lehrer die Technik von Brennstoffzellen und Elektrolyseuren vor. In einem kurzen Einf\u00fchrungsvortrag werden heute bereits einsetzbare Ger\u00e4te gezeigt udn in ihrer Funktion und ihrem Einsatz dmeonstriert.<\/p>\n<p>Dieser Termin is geeignet, um Sch\u00fclern einen ersten Einblick zu geben, sowie Lehrern udn Vertretern aus Politik und Verwaltung einen Eindruck unserer Arbeit zu geben.<\/p>\n<p>Die Termine sind kostenlos und finden nach Vereinbarung in den Schulungs-R\u00e4umen der Deutschen Windguard in Varel statt. Sie sind geeignet f\u00fcr alle, die sich vom Thema Wasserstoff ein eigenes Bild machen wollen, abseits vom Rauschen in den Medien.<\/p>\n<p>Sauer: 1 Stunde, nach Vereinbarung.<\/p>\n<p>Kosten: kostenlos im Rahmen des Green SKHy Projektes<\/p>\n<p>Sprache: Deutsch<\/p>\n<p>Anmeldung \u00fcber <a href=\"mailto:r.steinberger@planet-energie.de\"><em>Anmeldung Varel<\/em><\/a><\/p>\n\n\t\t<\/div>\n\t<\/div>\n<\/div><\/div><div class=\"vc_tta-panel\" id=\"1755852296774-f5332d45-c363\" data-vc-content=\".vc_tta-panel-body\"><div class=\"vc_tta-panel-heading\"><h6 class=\"vc_tta-panel-title vc_tta-controls-icon-position-left\"><a href=\"#1755852296774-f5332d45-c363\" data-vc-accordion data-vc-container=\".vc_tta-container\"><span class=\"vc_tta-title-text\">Green SKHy - 13. \/ 14. and 16. \/ 17. April 2026 - Groningen<\/span><i class=\"vc_tta-controls-icon vc_tta-controls-icon-plus\"><\/i><\/a><\/h6><\/div><div class=\"vc_tta-panel-body\">\n\t<div class=\"wpb_text_column wpb_content_element \" >\n\t\t<div class=\"wpb_wrapper\">\n\t\t\t<p>This course will deliver first glimpses of fuel cell and electrolyser technologies. You will make first hands-on experiences with the basics of electrochemical technology and see and handle commercial products.<\/p>\n<p>The course is free and will take place in the laboratories of Rijksuniversiteit Groningen. it is meant for professionals who want to venture into hydrogen technology, as well as for teachers in schools and vocational training wanting to expand their knowledge.<\/p>\n<p>Duration: 2 days (09:00 h to 17:00 h).<\/p>\n<p>Basic course: 13. \/ 14. April 2026<\/p>\n<p>Advanced course\u00d6 16. \/ 17. April 2026<\/p>\n<p>Language: English<\/p>\n<p>Cost: free of charge in the context of the Green SKHy project.<\/p>\n<p>Catering: free<\/p>\n<p>Certificate: of attendance<\/p>\n<p>Register at <a href=\"mailto:r.steinberger@planet-energie.de\"><em>Registration Groningen<\/em><\/a><\/p>\n\n\t\t<\/div>\n\t<\/div>\n<\/div><\/div><div class=\"vc_tta-panel\" id=\"1756716390995-741baf34-a516\" data-vc-content=\".vc_tta-panel-body\"><div class=\"vc_tta-panel-heading\"><h6 class=\"vc_tta-panel-title vc_tta-controls-icon-position-left\"><a href=\"#1756716390995-741baf34-a516\" data-vc-accordion data-vc-container=\".vc_tta-container\"><span class=\"vc_tta-title-text\">Green SKHy - 29. \/ 30. June 2026 - Fribourg (CH)<\/span><i class=\"vc_tta-controls-icon vc_tta-controls-icon-plus\"><\/i><\/a><\/h6><\/div><div class=\"vc_tta-panel-body\">\n\t<div class=\"wpb_text_column wpb_content_element \" >\n\t\t<div class=\"wpb_wrapper\">\n\t\t\t<p>The course will be delivered within the context of the Summer School organised by the Haute \u00e9cole d&#8217;ing\u00e9nierie et d&#8217;architecture (HEIA) in Fribourg (CH).<\/p>\n<p>Duration: 1 day (Mon 09:00 h to 17:00 h), Q&amp;A session on Tue.<\/p>\n<p>Cost: included in Summer School within the Green SKHy project<\/p>\n<p>Language: Deutsch \/ English<\/p>\n<p>Catering: included in Summer School<\/p>\n<p>Certifidate: of attendance<\/p>\n<p>Anmeldung \u00fcber <a href=\"mailto:r.steinberger@planet-energie.de\"><em>Registration Fribourg<\/em>.<\/a><\/p>\n\n\t\t<\/div>\n\t<\/div>\n<\/div><\/div><div class=\"vc_tta-panel\" id=\"1770282342235-bd03e6dc-94a8\" data-vc-content=\".vc_tta-panel-body\"><div class=\"vc_tta-panel-heading\"><h6 class=\"vc_tta-panel-title vc_tta-controls-icon-position-left\"><a href=\"#1770282342235-bd03e6dc-94a8\" data-vc-accordion data-vc-container=\".vc_tta-container\"><span class=\"vc_tta-title-text\">Green SKHy - Industrieschulungen<\/span><i class=\"vc_tta-controls-icon vc_tta-controls-icon-plus\"><\/i><\/a><\/h6><\/div><div class=\"vc_tta-panel-body\">\n\t<div class=\"wpb_text_column wpb_content_element \" >\n\t\t<div class=\"wpb_wrapper\">\n\t\t\t<p>1- oder 2-Tages-Schulungen, abgestimmt auf den Bedarf individueller Industriebetriebe oder Nutzergruppen. Inhalte aus den Bereichen<\/p>\n<p>&#8211; Elektrolyseur-Technik,<\/p>\n<p>&#8211; Brennstoffzellen-Technik,<\/p>\n<p>&#8211; Wasserstoff und Wasserstoff-Sicherheit.<\/p>\n<p>Kontaktieren Sie uns bez\u00fcglich der Details.<\/p>\n<p>Kosten: im Rahmen des Green SKHy Projektes reduziert.<\/p>\n<p>Zertifikate: Teilnahmezertifikat &#8211; f\u00fcr speziell abgestimmte Schulungen k\u00f6nnen wir in der Regel keine anerkannten Zertifikate aush\u00e4ndigen.<\/p>\n<p>Anfragen bitt \u00fcber <em><a href=\"mailto:r.steinberger@planet-energie.de\">Schulungsanfrage<\/a><\/em><\/p>\n\n\t\t<\/div>\n\t<\/div>\n<\/div><\/div><div class=\"vc_tta-panel\" id=\"1770282632709-7bf5d583-0d7e\" data-vc-content=\".vc_tta-panel-body\"><div class=\"vc_tta-panel-heading\"><h6 class=\"vc_tta-panel-title vc_tta-controls-icon-position-left\"><a href=\"#1770282632709-7bf5d583-0d7e\" data-vc-accordion data-vc-container=\".vc_tta-container\"><span class=\"vc_tta-title-text\">Entrepreneurship und Ausgr\u00fcndungs-Schulungen<\/span><i class=\"vc_tta-controls-icon vc_tta-controls-icon-plus\"><\/i><\/a><\/h6><\/div><div class=\"vc_tta-panel-body\">\n\t<div class=\"wpb_text_column wpb_content_element \" >\n\t\t<div class=\"wpb_wrapper\">\n\t\t\t<p>Wir bieten seit mehreren Jahren einen Online-Hybrid-Kurs an im Bereich Innovation und Entrepreneurship.<\/p>\n<p>Die Inhalte decken die Themen ab<\/p>\n<p>&#8211; Ideation, Business Canvas<\/p>\n<p>&#8211; Schutzrechte<\/p>\n<p>&#8211; Finanzierung in unterschiedlichen Phasen des Wachstums<\/p>\n<p>&#8211; Entwicklung eines Business Plans<\/p>\n<p>Bei Interesse k\u00f6nnen wir diesen Kurs gerne anpassen an lokale oder institutionelle Bed\u00fcrfnisse.<\/p>\n<p>Mehr Information via <em>e-mail<\/em>.<\/p>\n\n\t\t<\/div>\n\t<\/div>\n<\/div><\/div><\/div><\/div><\/div><\/div><div class=\"vc_empty_space\"   style=\"height: 32px\"><span class=\"vc_empty_space_inner\"><\/span><\/div>\n\t<div class=\"wpb_text_column wpb_content_element \" >\n\t\t<div class=\"wpb_wrapper\">\n\t\t\t<p>Ansprechpartner: <a href=\"mailto:r.steinberger@planet-energie.de\">Robert Steinberger-Wilckens<\/a><\/p>\n\n\t\t<\/div>\n\t<\/div>\n<\/div><\/div><\/div><\/div><div class=\"vc_row wpb_row vc_row-fluid vc_custom_1493829267800\"><div class=\"wpb_column vc_column_container vc_col-sm-12 vc_col-lg-6 vc_col-md-6 vc_col-xs-12\"><div class=\"vc_column-inner vc_custom_1493829183360\"><div class=\"wpb_wrapper\"><div id=\"ultimate-heading-172069f049e0d9431\" class=\"uvc-heading ult-adjust-bottom-margin ultimate-heading-172069f049e0d9431 uvc-2743 accent-border-color\" data-hspacer=\"line_only\"  data-halign=\"left\" style=\"text-align:left\"><div class=\"uvc-main-heading ult-responsive\"  data-ultimate-target='.uvc-heading.ultimate-heading-172069f049e0d9431 h2'  data-responsive-json-new='{\"font-size\":\"desktop:26px;\",\"line-height\":\"desktop:36px;\"}' ><h2 style=\"font-weight:bold;\">Vergangene Kurse und Termine<\/h2><\/div><div class=\"uvc-heading-spacer line_only\" style=\"margin-top:15px;margin-bottom:40px;height:4px;\"><span class=\"uvc-headings-line\" style=\"border-style:solid;border-bottom-width:4px;border-color:;width:50px;\"><\/span><\/div><\/div><div class=\"vc_tta-container\" data-vc-action=\"collapseAll\"><div class=\"vc_general vc_tta vc_tta-accordion vc_tta-color-grey vc_tta-style-classic vc_tta-shape-rounded vc_tta-o-shape-group vc_tta-controls-align-default vc_tta-o-all-clickable\"><div class=\"vc_tta-panels-container\"><div class=\"vc_tta-panels\"><div class=\"vc_tta-panel\" id=\"1770279975613-7988269a-1aeb\" data-vc-content=\".vc_tta-panel-body\"><div class=\"vc_tta-panel-heading\"><h6 class=\"vc_tta-panel-title vc_tta-controls-icon-position-left\"><a href=\"#1770279975613-7988269a-1aeb\" data-vc-accordion data-vc-container=\".vc_tta-container\"><span class=\"vc_tta-title-text\">Green SKHy - 5. &amp; 6. Nov. 2025 - Varel<\/span><i class=\"vc_tta-controls-icon vc_tta-controls-icon-plus\"><\/i><\/a><\/h6><\/div><div class=\"vc_tta-panel-body\">\n\t<div class=\"wpb_text_column wpb_content_element \" >\n\t\t<div class=\"wpb_wrapper\">\n\t\t\t<p>Zwei Tage mit Experimenten zu den Grundlagen der Brennstoffzellen- und Elektrolyseur-Technik.\u00a0Der Kurs wurde im Rahmen des Green SKHy Projektes in den Schulungs-R\u00e4umen der Deutschen Windguard in Varel durchgef\u00fchrt.<\/p>\n<p>Teilnehmer-Feedback: &#8220;Die Zusammenarbeit mit den Dozenten und die Unterst\u00fctzung bei der praktischen Arbeit war ausgezeichnet. Die fachliche Kompetenz war Top!&#8221;<\/p>\n\n\t\t<\/div>\n\t<\/div>\n<\/div><\/div><div class=\"vc_tta-panel\" id=\"1770279975641-1e07cad6-ab12\" data-vc-content=\".vc_tta-panel-body\"><div class=\"vc_tta-panel-heading\"><h6 class=\"vc_tta-panel-title vc_tta-controls-icon-position-left\"><a href=\"#1770279975641-1e07cad6-ab12\" data-vc-accordion data-vc-container=\".vc_tta-container\"><span class=\"vc_tta-title-text\">Green SKHy - 10. &amp; 11. Nov. 2025 - Groningen<\/span><i class=\"vc_tta-controls-icon vc_tta-controls-icon-plus\"><\/i><\/a><\/h6><\/div><div class=\"vc_tta-panel-body\">\n\t<div class=\"wpb_text_column wpb_content_element \" >\n\t\t<div class=\"wpb_wrapper\">\n\t\t\t<p>2 days of training at the Rijksuniversiteit Groningen with Masters and PhD students.<\/p>\n<p>Feedback: &#8220;I loved the practical measurement of hydrogen and methanol fuel cells. Being a researcher working on modelling they offered me the practical insight I lacked.&#8221;<\/p>\n\n\t\t<\/div>\n\t<\/div>\n<\/div><\/div><div class=\"vc_tta-panel\" id=\"1770279975675-6e94b91c-d061\" data-vc-content=\".vc_tta-panel-body\"><div class=\"vc_tta-panel-heading\"><h6 class=\"vc_tta-panel-title vc_tta-controls-icon-position-left\"><a href=\"#1770279975675-6e94b91c-d061\" data-vc-accordion data-vc-container=\".vc_tta-container\"><span class=\"vc_tta-title-text\">Green SKHy -3. &amp; 4. Dez. 2025 - Yverdon (CH)<\/span><i class=\"vc_tta-controls-icon vc_tta-controls-icon-plus\"><\/i><\/a><\/h6><\/div><div class=\"vc_tta-panel-body\">\n\t<div class=\"wpb_text_column wpb_content_element \" >\n\t\t<div class=\"wpb_wrapper\">\n\t\t\t<p>Zwei Ein-Tages-Kurse, durchgef\u00fchrt auf Englisch und Deutsch. Die Teilnehmer kamen aus Industrie, beruflicher Weiterbildung und von Universit\u00e4ten. Der Kurs fand statt in den R\u00e4umen der YMECA beruflichen Bildung in Yverdon.<\/p>\n<p>Two one-day short courses, delivered in English and German. Participants came from industry, vocational training, and university backgrounds. The course took place at the Zverdon YMECA premises of vocational training.<\/p>\n<p>Feedback: &#8220;Good balance between theory and practice. Le lien entre la practique et theorie. Die Teamarbeit gab guten Austausch.&#8221;<\/p>\n\n\t\t<\/div>\n\t<\/div>\n<\/div><\/div><\/div><\/div><\/div><\/div><div class=\"vc_empty_space\"   style=\"height: 32px\"><span class=\"vc_empty_space_inner\"><\/span><\/div>\n\t<div class=\"wpb_text_column wpb_content_element \" >\n\t\t<div class=\"wpb_wrapper\">\n\t\t\t<p>Ansprechpartner: <a href=\"mailto:r.steinberger@planet-energie.de\">Robert Steinberger-Wilckens<\/a><\/p>\n\n\t\t<\/div>\n\t<\/div>\n<\/div><\/div><\/div><\/div><div class=\"vc_row wpb_row vc_row-fluid vc_custom_1578767453437\"><div class=\"wpb_column vc_column_container vc_col-sm-8\"><div class=\"vc_column-inner\"><div class=\"wpb_wrapper\"><div id=\"ultimate-heading-740869f049e0da027\" class=\"uvc-heading ult-adjust-bottom-margin ultimate-heading-740869f049e0da027 uvc-7891 \" data-hspacer=\"no_spacer\"  data-halign=\"left\" style=\"text-align:left\"><div class=\"uvc-heading-spacer no_spacer\" style=\"top\"><\/div><div class=\"uvc-main-heading ult-responsive\"  data-ultimate-target='.uvc-heading.ultimate-heading-740869f049e0da027 h2'  data-responsive-json-new='{\"font-size\":\"desktop:24px;\",\"line-height\":\"desktop:32px;\"}' ><h2 style=\"font-weight:bold;color:#ffffff;margin-bottom:20px;\">Haben Sie ein Projekt f\u00fcr uns?<\/h2><\/div><div class=\"uvc-sub-heading ult-responsive\"  data-ultimate-target='.uvc-heading.ultimate-heading-740869f049e0da027 .uvc-sub-heading '  data-responsive-json-new='{\"font-size\":\"desktop:16px;\",\"line-height\":\"desktop:28px;\"}'  style=\"font-weight:normal;color:#ffffff;margin-bottom:30px;\">Von der Beratung und Konzeptentwicklung, \u00fcber Machbarkeitsstudien, Wirtschaftlichkeitsanalysen, Projektentwicklung, Akquisition von F\u00f6rdermitteln, Antragstellung, Projektsteuerung, Berichtswesen, Auswertung von Betriebsdaten, Technologievalidierung bis zu Bildung und Qualifizierung.<\/div><\/div><style type=\"text\/css\" data-type=\"the7_shortcodes-inline-css\">#default-btn-18030d0c1d48238270e5ade44e4e2c96.ico-right-side > i {\n  margin-right: 0px;\n  margin-left: 8px;\n}\n#default-btn-18030d0c1d48238270e5ade44e4e2c96 > i {\n  margin-right: 8px;\n}\n<\/style><a href=\"https:\/\/relaunch.planet-energie.de\/contact\/\" class=\"default-btn-shortcode dt-btn dt-btn-m link-hover-off btn-inline-left \" id=\"default-btn-18030d0c1d48238270e5ade44e4e2c96\" title=\"Kontakt \/ Anfahrt\"><span>Sprechen Sie uns an!<\/span><\/a><\/div><\/div><\/div><\/div><!-- Row Backgrounds --><div class=\"upb_bg_img\" data-ultimate-bg=\"url(https:\/\/relaunch.planet-energie.de\/wp-content\/uploads\/2020\/01\/con061.jpg)\" data-image-id=\"id^1150|url^http:\/\/relaunch.planet-energie.de\/wp-content\/uploads\/2020\/01\/con061.jpg|caption^null|alt^null|title^con061|description^null\" data-ultimate-bg-style=\"vcpb-default\" data-bg-img-repeat=\"no-repeat\" data-bg-img-size=\"cover\" data-bg-img-position=\"\" data-parallx_sense=\"30\" data-bg-override=\"full\" data-bg_img_attach=\"scroll\" data-upb-overlay-color=\"rgba(0,0,0,0.5)\" data-upb-bg-animation=\"\" data-fadeout=\"\" data-bg-animation=\"left-animation\" data-bg-animation-type=\"h\" data-animation-repeat=\"repeat\" data-fadeout-percentage=\"30\" data-parallax-content=\"\" data-parallax-content-sense=\"30\" data-row-effect-mobile-disable=\"true\" data-img-parallax-mobile-disable=\"true\" data-rtl=\"false\"  data-custom-vc-row=\"\"  data-vc=\"8.7.2\"  data-is_old_vc=\"\"  data-theme-support=\"\"   data-overlay=\"true\" data-overlay-color=\"rgba(0,0,0,0.5)\" data-overlay-pattern=\"\" data-overlay-pattern-opacity=\"0.8\" data-overlay-pattern-size=\"\" data-overlay-pattern-attachment=\"scroll\"    ><\/div>\n<\/div>","protected":false},"excerpt":{"rendered":"<p>Brennstoffzellen, Elektrolyseure und Wasserstoff &#8211; in der Praxis erfahren Jenseits von theoretischen und Online-Kursen bieten wir 1- bis 2-t\u00e4gige Schulungen im Labor, die Ihnen die Wasserstoff-Technik in der Praxis nahe bringen.\u00a0Neudeutsch: &#8216;hands-on training&#8217;. Wir bieten zur Zeit folgenden Kurs an: &#8211; Grundlagen der Brennstoffzellen und Elektrolyseure. Folgende Themen sind in Vorbereitung: &#8211; Sicherer Umgang mit&hellip;<\/p>\n","protected":false},"author":1,"featured_media":0,"parent":1183,"menu_order":1,"comment_status":"closed","ping_status":"closed","template":"","meta":{"footnotes":""},"class_list":["post-1390","page","type-page","status-publish","hentry","description-off"],"_links":{"self":[{"href":"https:\/\/relaunch.planet-energie.de\/de\/wp-json\/wp\/v2\/pages\/1390","targetHints":{"allow":["GET"]}}],"collection":[{"href":"https:\/\/relaunch.planet-energie.de\/de\/wp-json\/wp\/v2\/pages"}],"about":[{"href":"https:\/\/relaunch.planet-energie.de\/de\/wp-json\/wp\/v2\/types\/page"}],"author":[{"embeddable":true,"href":"https:\/\/relaunch.planet-energie.de\/de\/wp-json\/wp\/v2\/users\/1"}],"replies":[{"embeddable":true,"href":"https:\/\/relaunch.planet-energie.de\/de\/wp-json\/wp\/v2\/comments?post=1390"}],"version-history":[{"count":39,"href":"https:\/\/relaunch.planet-energie.de\/de\/wp-json\/wp\/v2\/pages\/1390\/revisions"}],"predecessor-version":[{"id":2595,"href":"https:\/\/relaunch.planet-energie.de\/de\/wp-json\/wp\/v2\/pages\/1390\/revisions\/2595"}],"up":[{"embeddable":true,"href":"https:\/\/relaunch.planet-energie.de\/de\/wp-json\/wp\/v2\/pages\/1183"}],"wp:attachment":[{"href":"https:\/\/relaunch.planet-energie.de\/de\/wp-json\/wp\/v2\/media?parent=1390"}],"curies":[{"name":"wp","href":"https:\/\/api.w.org\/{rel}","templated":true}]}}