{"id":1243,"date":"2025-07-15T10:11:06","date_gmt":"2025-07-15T08:11:06","guid":{"rendered":"https:\/\/the7.io\/construction\/?page_id=2"},"modified":"2025-10-13T14:22:16","modified_gmt":"2025-10-13T12:22:16","slug":"home","status":"publish","type":"page","link":"https:\/\/relaunch.planet-energie.de\/de\/","title":{"rendered":"Home"},"content":{"rendered":"<div class=\"wpb-content-wrapper\"><div class=\"vc_row wpb_row vc_row-fluid vc_custom_1493832879938 vc_row-o-equal-height vc_row-flex\"><div class=\"wpb_column vc_column_container vc_col-sm-12\"><div class=\"vc_column-inner\"><div class=\"wpb_wrapper\"><div id=\"ultimate-heading-526569f034573195e\" class=\"uvc-heading ult-adjust-bottom-margin ultimate-heading-526569f034573195e uvc-5331 accent-border-color\" data-hspacer=\"line_only\"  data-halign=\"left\" style=\"text-align:left\"><div class=\"uvc-main-heading ult-responsive\"  data-ultimate-target='.uvc-heading.ultimate-heading-526569f034573195e h2'  data-responsive-json-new='{\"font-size\":\"desktop:26px;\",\"line-height\":\"desktop:36px;\"}' ><h2 style=\"font-weight:bold;\">Wer wir sind und was wir tun<\/h2><\/div><div class=\"uvc-heading-spacer line_only\" style=\"margin-top:15px;margin-bottom:50px;height:4px;\"><span class=\"uvc-headings-line\" style=\"border-style:solid;border-bottom-width:4px;border-color:;width:50px;\"><\/span><\/div><\/div><\/div><\/div><\/div><div class=\"wpb_column vc_column_container vc_col-sm-4\"><div class=\"vc_column-inner vc_custom_1493730770993\"><div class=\"wpb_wrapper\"><style type=\"text\/css\" data-type=\"the7_shortcodes-inline-css\">.shortcode-single-image-wrap.shortcode-single-image-023e1302cf1a4424bc2d86464b195ad1.enable-bg-rollover .rollover i,\n.shortcode-single-image-wrap.shortcode-single-image-023e1302cf1a4424bc2d86464b195ad1.enable-bg-rollover .rollover-video i {\n  background: -webkit-linear-gradient();\n  background: linear-gradient();\n}\n.shortcode-single-image-wrap.shortcode-single-image-023e1302cf1a4424bc2d86464b195ad1 .rollover-icon {\n  font-size: 32px;\n  color: #ffffff;\n  min-width: 44px;\n  min-height: 44px;\n  line-height: 44px;\n  border-radius: 100px;\n  border-style: solid;\n  border-width: 0px;\n}\n.dt-icon-bg-on.shortcode-single-image-wrap.shortcode-single-image-023e1302cf1a4424bc2d86464b195ad1 .rollover-icon {\n  background: rgba(255,255,255,0.3);\n  box-shadow: none;\n}\n<\/style><div class=\"shortcode-single-image-wrap shortcode-single-image-023e1302cf1a4424bc2d86464b195ad1 alignnone  vc_custom_1758712190864 enable-bg-rollover dt-icon-bg-off\" ><div class=\"shortcode-single-image\"><div class=\"fancy-media-wrap\" style=\"\"><a href=\"\/de\/about-us\/profil\/\" class=\" layzr-bg rollover\" style=\"\" aria-label=\"Image\"><img fetchpriority=\"high\" decoding=\"async\" class=\"preload-me lazy-load aspect\" src=\"data:image\/svg+xml,%3Csvg%20xmlns%3D&#39;http%3A%2F%2Fwww.w3.org%2F2000%2Fsvg&#39;%20viewBox%3D&#39;0%200%20900%20600&#39;%2F%3E\" data-src=\"https:\/\/relaunch.planet-energie.de\/wp-content\/uploads\/2025\/09\/P1040178-scaled-900x600.jpg\" data-srcset=\"https:\/\/relaunch.planet-energie.de\/wp-content\/uploads\/2025\/09\/P1040178-scaled-900x600.jpg 900w, https:\/\/relaunch.planet-energie.de\/wp-content\/uploads\/2025\/09\/P1040178-scaled-1800x1200.jpg 1800w\" loading=\"eager\" style=\"--ratio: 900 \/ 600\" sizes=\"(max-width: 900px) 100vw, 900px\" width=\"900\" height=\"600\"  data-dt-location=\"https:\/\/relaunch.planet-energie.de\/de\/home\/p1040178\/\" alt=\"Betankung Pkw\" \/><\/a><\/div><\/div><\/div><div id=\"ultimate-heading-151169f03457322ca\" class=\"uvc-heading ult-adjust-bottom-margin ultimate-heading-151169f03457322ca uvc-4085 \" data-hspacer=\"no_spacer\"  data-halign=\"left\" style=\"text-align:left\"><div class=\"uvc-heading-spacer no_spacer\" style=\"top\"><\/div><div class=\"uvc-main-heading ult-responsive\"  data-ultimate-target='.uvc-heading.ultimate-heading-151169f03457322ca h3'  data-responsive-json-new='{\"font-size\":\"desktop:18px;\",\"line-height\":\"desktop:28px;\"}' ><h3 style=\"font-weight:bold;margin-bottom:10px;\">\u00dcber uns<\/h3><\/div><\/div>\n\t<div class=\"wpb_text_column wpb_content_element  vc_custom_1758786501115\" >\n\t\t<div class=\"wpb_wrapper\">\n\t\t\t<p>Wir bieten unseren Kunden als Ingenieurb\u00fcro seit fast 40 Jahren Leistungen an in den Bereichen<\/p>\n<ul>\n<li>effiziente Bereitstellung und Nutzung von Energie<\/li>\n<li>Einbindung erneuerbarer Energien<\/li>\n<li>Wasserstoff als universeller Energietr\u00e4ger, Rohstoff und Speichermedium.<\/li>\n<\/ul>\n\n\t\t<\/div>\n\t<\/div>\n<style type=\"text\/css\" data-type=\"the7_shortcodes-inline-css\">#default-btn-f79dc83a9467a89f43197fc5d8f8dfce.ico-right-side > i {\n  margin-right: 0px;\n  margin-left: 8px;\n}\n#default-btn-f79dc83a9467a89f43197fc5d8f8dfce > i {\n  margin-right: 8px;\n}\n<\/style><a href=\"https:\/\/relaunch.planet-energie.de\/about-us\/profil\/\" class=\"default-btn-shortcode dt-btn dt-btn-s link-hover-off btn-inline-left \" id=\"default-btn-f79dc83a9467a89f43197fc5d8f8dfce\" title=\"\u00dcber uns\"><span>mehr<\/span><\/a><\/div><\/div><\/div><div class=\"wpb_column vc_column_container vc_col-sm-4\"><div class=\"vc_column-inner vc_custom_1493730766899\"><div class=\"wpb_wrapper\"><style type=\"text\/css\" data-type=\"the7_shortcodes-inline-css\">.shortcode-single-image-wrap.shortcode-single-image-a60af439a297892bec2681b2f38cef88.enable-bg-rollover .rollover i,\n.shortcode-single-image-wrap.shortcode-single-image-a60af439a297892bec2681b2f38cef88.enable-bg-rollover .rollover-video i {\n  background: -webkit-linear-gradient();\n  background: linear-gradient();\n}\n.shortcode-single-image-wrap.shortcode-single-image-a60af439a297892bec2681b2f38cef88 .rollover-icon {\n  font-size: 32px;\n  color: #ffffff;\n  min-width: 44px;\n  min-height: 44px;\n  line-height: 44px;\n  border-radius: 100px;\n  border-style: solid;\n  border-width: 0px;\n}\n.dt-icon-bg-on.shortcode-single-image-wrap.shortcode-single-image-a60af439a297892bec2681b2f38cef88 .rollover-icon {\n  background: rgba(255,255,255,0.3);\n  box-shadow: none;\n}\n<\/style><div class=\"shortcode-single-image-wrap shortcode-single-image-a60af439a297892bec2681b2f38cef88 alignnone  vc_custom_1758797598277 enable-bg-rollover dt-icon-bg-off\" ><div class=\"shortcode-single-image\"><div class=\"fancy-media-wrap\" style=\"\"><a href=\"\/de\/energy\/uebersicht-energietechnik\/\" class=\" layzr-bg rollover\" style=\"\" aria-label=\"Image\"><img decoding=\"async\" class=\"preload-me lazy-load aspect\" src=\"data:image\/svg+xml,%3Csvg%20xmlns%3D&#39;http%3A%2F%2Fwww.w3.org%2F2000%2Fsvg&#39;%20viewBox%3D&#39;0%200%20900%20600&#39;%2F%3E\" data-src=\"https:\/\/relaunch.planet-energie.de\/wp-content\/uploads\/2025\/09\/Technik_Detail_4-scaled-900x600.jpg\" data-srcset=\"https:\/\/relaunch.planet-energie.de\/wp-content\/uploads\/2025\/09\/Technik_Detail_4-scaled-900x600.jpg 900w, https:\/\/relaunch.planet-energie.de\/wp-content\/uploads\/2025\/09\/Technik_Detail_4-scaled-1800x1200.jpg 1800w\" loading=\"eager\" style=\"--ratio: 900 \/ 600\" sizes=\"(max-width: 900px) 100vw, 900px\" width=\"900\" height=\"600\"  data-dt-location=\"https:\/\/relaunch.planet-energie.de\/de\/home\/technik_detail_4\/\" alt=\"Technik_Detail_4\" \/><\/a><\/div><\/div><\/div><div id=\"ultimate-heading-926469f0345732c5c\" class=\"uvc-heading ult-adjust-bottom-margin ultimate-heading-926469f0345732c5c uvc-6206 \" data-hspacer=\"no_spacer\"  data-halign=\"left\" style=\"text-align:left\"><div class=\"uvc-heading-spacer no_spacer\" style=\"top\"><\/div><div class=\"uvc-main-heading ult-responsive\"  data-ultimate-target='.uvc-heading.ultimate-heading-926469f0345732c5c h3'  data-responsive-json-new='{\"font-size\":\"desktop:18px;\",\"line-height\":\"desktop:28px;\"}' ><h3 style=\"font-weight:bold;margin-bottom:10px;\">Leistungsspektrum<\/h3><\/div><\/div>\n\t<div class=\"wpb_text_column wpb_content_element  vc_custom_1758786244984\" >\n\t\t<div class=\"wpb_wrapper\">\n\t\t\t<ul>\n<li>Beratung<\/li>\n<li>Konzepte<\/li>\n<li>Planung<\/li>\n<li>Umsetzung<\/li>\n<li>Weiterbildung<\/li>\n<\/ul>\n\n\t\t<\/div>\n\t<\/div>\n<style type=\"text\/css\" data-type=\"the7_shortcodes-inline-css\">#default-btn-234abe4721a55a128909ff6f0877c2f8.ico-right-side > i {\n  margin-right: 0px;\n  margin-left: 8px;\n}\n#default-btn-234abe4721a55a128909ff6f0877c2f8 > i {\n  margin-right: 8px;\n}\n<\/style><div class=\"btn-align-left\"><a href=\"https:\/\/relaunch.planet-energie.de\/energy\/uebersicht\/\" class=\"default-btn-shortcode dt-btn dt-btn-s link-hover-off dt-btn-energy  vc_custom_1754381342852\" id=\"default-btn-234abe4721a55a128909ff6f0877c2f8\" title=\"\u00dcbersicht Energietechnik\"><span>Leistungen Energietechnik<\/span><\/a><\/div><div class=\"vc_empty_space\"   style=\"height: 8px\"><span class=\"vc_empty_space_inner\"><\/span><\/div><style type=\"text\/css\" data-type=\"the7_shortcodes-inline-css\">#default-btn-30cc84dd4591b8af7017ab42e557f269.ico-right-side > i {\n  margin-right: 0px;\n  margin-left: 8px;\n}\n#default-btn-30cc84dd4591b8af7017ab42e557f269 > i {\n  margin-right: 8px;\n}\n<\/style><div class=\"btn-align-left\"><a href=\"https:\/\/relaunch.planet-energie.de\/hydrogen\/uebersicht\/\" class=\"default-btn-shortcode dt-btn dt-btn-s link-hover-off dt-btn-h2 \" id=\"default-btn-30cc84dd4591b8af7017ab42e557f269\" title=\"\u00dcbersicht Wasserstoff\"><span>Leistungen Wasserstoff<\/span><\/a><\/div><\/div><\/div><\/div><div class=\"wpb_column vc_column_container vc_col-sm-4\"><div class=\"vc_column-inner vc_custom_1493730776714\"><div class=\"wpb_wrapper\"><style type=\"text\/css\" data-type=\"the7_shortcodes-inline-css\">.shortcode-single-image-wrap.shortcode-single-image-96d62d761d8d394aae7aed2545c97a2f.enable-bg-rollover .rollover i,\n.shortcode-single-image-wrap.shortcode-single-image-96d62d761d8d394aae7aed2545c97a2f.enable-bg-rollover .rollover-video i {\n  background: -webkit-linear-gradient();\n  background: linear-gradient();\n}\n.shortcode-single-image-wrap.shortcode-single-image-96d62d761d8d394aae7aed2545c97a2f .rollover-icon {\n  font-size: 32px;\n  color: #ffffff;\n  min-width: 44px;\n  min-height: 44px;\n  line-height: 44px;\n  border-radius: 100px;\n  border-style: solid;\n  border-width: 0px;\n}\n.dt-icon-bg-on.shortcode-single-image-wrap.shortcode-single-image-96d62d761d8d394aae7aed2545c97a2f .rollover-icon {\n  background: rgba(255,255,255,0.3);\n  box-shadow: none;\n}\n<\/style><div class=\"shortcode-single-image-wrap shortcode-single-image-96d62d761d8d394aae7aed2545c97a2f alignnone  vc_custom_1758709431235 enable-bg-rollover dt-icon-bg-off\" ><div class=\"shortcode-single-image\"><div class=\"fancy-media-wrap\" style=\"\"><a href=\"\/de\/hydrogen\/uebersicht\/\" class=\" layzr-bg rollover\" style=\"\" aria-label=\"Image\"><img decoding=\"async\" class=\"preload-me lazy-load aspect\" src=\"data:image\/svg+xml,%3Csvg%20xmlns%3D&#39;http%3A%2F%2Fwww.w3.org%2F2000%2Fsvg&#39;%20viewBox%3D&#39;0%200%20900%20600&#39;%2F%3E\" data-src=\"https:\/\/relaunch.planet-energie.de\/wp-content\/uploads\/2025\/09\/Druckbehaelter_2-900x600.jpg\" data-srcset=\"https:\/\/relaunch.planet-energie.de\/wp-content\/uploads\/2025\/09\/Druckbehaelter_2-900x600.jpg 900w, https:\/\/relaunch.planet-energie.de\/wp-content\/uploads\/2025\/09\/Druckbehaelter_2-1800x1200.jpg 1800w\" loading=\"eager\" style=\"--ratio: 900 \/ 600\" sizes=\"(max-width: 900px) 100vw, 900px\" width=\"900\" height=\"600\"  data-dt-location=\"https:\/\/relaunch.planet-energie.de\/de\/home\/druckbehaelter_2\/\" alt=\"Hochdruckspeicher\" \/><\/a><\/div><\/div><\/div><div id=\"ultimate-heading-430469f03457336a3\" class=\"uvc-heading ult-adjust-bottom-margin ultimate-heading-430469f03457336a3 uvc-3058 \" data-hspacer=\"no_spacer\"  data-halign=\"left\" style=\"text-align:left\"><div class=\"uvc-heading-spacer no_spacer\" style=\"top\"><\/div><div class=\"uvc-main-heading ult-responsive\"  data-ultimate-target='.uvc-heading.ultimate-heading-430469f03457336a3 h3'  data-responsive-json-new='{\"font-size\":\"desktop:18px;\",\"line-height\":\"desktop:28px;\"}' ><h3 style=\"font-weight:bold;margin-bottom:10px;\">Projekte Energietechnik<\/h3><\/div><\/div>\n\t<div class=\"wpb_text_column wpb_content_element  vc_custom_1758789439207\" >\n\t\t<div class=\"wpb_wrapper\">\n\t\t\t<p>Der Klassiker seit mehr als 30 Jahren: Unterst\u00fctzung bei der energetischen Sanierung von Wohngeb\u00e4uden<\/p>\n\n\t\t<\/div>\n\t<\/div>\n<style type=\"text\/css\" data-type=\"the7_shortcodes-inline-css\">#default-btn-ba897109a0c266a7c7ed4b9026819eab.ico-right-side > i {\n  margin-right: 0px;\n  margin-left: 8px;\n}\n#default-btn-ba897109a0c266a7c7ed4b9026819eab > i {\n  margin-right: 8px;\n}\n<\/style><a href=\"https:\/\/relaunch.planet-energie.de\/hydrogen\/uebersicht\/\" class=\"default-btn-shortcode dt-btn dt-btn-s link-hover-off dt-btn-energy btn-inline-left  vc_custom_1754381400612\" id=\"default-btn-ba897109a0c266a7c7ed4b9026819eab\" title=\"\u00dcbersicht Wasserstoff\"><span>Projekte Energietechnik<\/span><\/a><div class=\"vc_separator wpb_content_element vc_separator_align_center vc_sep_width_100 vc_sep_border_width_2 vc_sep_pos_align_left vc_separator_no_text vc_sep_color_grey vc_custom_1754382859610 wpb_content_element  vc_custom_1754382859610 wpb_content_element\" ><span class=\"vc_sep_holder vc_sep_holder_l\"><span class=\"vc_sep_line\"><\/span><\/span><span class=\"vc_sep_holder vc_sep_holder_r\"><span class=\"vc_sep_line\"><\/span><\/span>\n<\/div><div id=\"ultimate-heading-698769f0345733a81\" class=\"uvc-heading ult-adjust-bottom-margin ultimate-heading-698769f0345733a81 uvc-1684 \" data-hspacer=\"no_spacer\"  data-halign=\"left\" style=\"text-align:left\"><div class=\"uvc-heading-spacer no_spacer\" style=\"top\"><\/div><div class=\"uvc-main-heading ult-responsive\"  data-ultimate-target='.uvc-heading.ultimate-heading-698769f0345733a81 h3'  data-responsive-json-new='{\"font-size\":\"desktop:18px;\",\"line-height\":\"desktop:28px;\"}' ><h3 style=\"font-weight:bold;margin-bottom:10px;\">Projekte Wasserstoff<\/h3><\/div><\/div>\n\t<div class=\"wpb_text_column wpb_content_element  vc_custom_1758804818516\" >\n\t\t<div class=\"wpb_wrapper\">\n\t\t\t<p>Aktuell: Weiterbildungsma\u00dfnahmen f\u00fcr Fachkr\u00e4fte und der erfolgreiche Einsatz von Brennstoffzellenbussen im Nahverkehr<\/p>\n\n\t\t<\/div>\n\t<\/div>\n<style type=\"text\/css\" data-type=\"the7_shortcodes-inline-css\">#default-btn-9896be88e8d010587da7b06352bc37db.ico-right-side > i {\n  margin-right: 0px;\n  margin-left: 8px;\n}\n#default-btn-9896be88e8d010587da7b06352bc37db > i {\n  margin-right: 8px;\n}\n<\/style><div class=\"btn-align-left\"><a href=\"https:\/\/relaunch.planet-energie.de\/energy\/uebersicht\/\" class=\"default-btn-shortcode dt-btn dt-btn-s link-hover-off dt-btn-h2 \" id=\"default-btn-9896be88e8d010587da7b06352bc37db\" title=\"\u00dcbersicht Energietechnik\"><span>Projekte Wasserstoff<\/span><\/a><\/div><\/div><\/div><\/div><\/div>\n<\/div>","protected":false},"excerpt":{"rendered":"<p>Wer wir sind und was wir tun\u00dcber uns Wir bieten unseren Kunden als Ingenieurb\u00fcro seit fast 40 Jahren Leistungen an in den Bereichen effiziente Bereitstellung und Nutzung von Energie Einbindung erneuerbarer Energien Wasserstoff als universeller Energietr\u00e4ger, Rohstoff und Speichermedium. Leistungsspektrum Beratung Konzepte Planung Umsetzung Weiterbildung Projekte Energietechnik Der Klassiker seit mehr als 30 Jahren: Unterst\u00fctzung&hellip;<\/p>\n","protected":false},"author":1,"featured_media":0,"parent":0,"menu_order":0,"comment_status":"closed","ping_status":"closed","template":"","meta":{"footnotes":""},"class_list":["post-1243","page","type-page","status-publish","hentry","description-off"],"_links":{"self":[{"href":"https:\/\/relaunch.planet-energie.de\/de\/wp-json\/wp\/v2\/pages\/1243","targetHints":{"allow":["GET"]}}],"collection":[{"href":"https:\/\/relaunch.planet-energie.de\/de\/wp-json\/wp\/v2\/pages"}],"about":[{"href":"https:\/\/relaunch.planet-energie.de\/de\/wp-json\/wp\/v2\/types\/page"}],"author":[{"embeddable":true,"href":"https:\/\/relaunch.planet-energie.de\/de\/wp-json\/wp\/v2\/users\/1"}],"replies":[{"embeddable":true,"href":"https:\/\/relaunch.planet-energie.de\/de\/wp-json\/wp\/v2\/comments?post=1243"}],"version-history":[{"count":82,"href":"https:\/\/relaunch.planet-energie.de\/de\/wp-json\/wp\/v2\/pages\/1243\/revisions"}],"predecessor-version":[{"id":2464,"href":"https:\/\/relaunch.planet-energie.de\/de\/wp-json\/wp\/v2\/pages\/1243\/revisions\/2464"}],"wp:attachment":[{"href":"https:\/\/relaunch.planet-energie.de\/de\/wp-json\/wp\/v2\/media?parent=1243"}],"curies":[{"name":"wp","href":"https:\/\/api.w.org\/{rel}","templated":true}]}}